{"id":3229,"date":"2018-10-02T16:33:27","date_gmt":"2018-10-02T14:33:27","guid":{"rendered":"http:\/\/comunicacionesbraun.es\/promociones\/?page_id=3229"},"modified":"2021-02-08T18:48:26","modified_gmt":"2021-02-08T16:48:26","slug":"politica-privacidad","status":"publish","type":"page","link":"https:\/\/comunicacionesbraun.net\/promociones\/politica-privacidad\/","title":{"rendered":"POL\u00cdTICA DE PRIVACIDAD"},"content":{"rendered":"<p>[et_pb_section fb_built=\u00bb1&#8243; _builder_version=\u00bb3.22&#8243; custom_margin=\u00bb||-50px|\u00bb][et_pb_row _builder_version=\u00bb3.25&#8243; background_size=\u00bbinitial\u00bb background_position=\u00bbtop_left\u00bb background_repeat=\u00bbrepeat\u00bb][et_pb_column type=\u00bb4_4&#8243; _builder_version=\u00bb3.25&#8243; custom_padding=\u00bb|||\u00bb custom_padding__hover=\u00bb|||\u00bb][et_pb_text admin_label=\u00bbPOL\u00cdTICA DE PRIVACIDAD\u00bb _builder_version=\u00bb3.27.4&#8243; custom_margin=\u00bb-20px||-100px|\u00bb]<\/p>\n<h1>POL\u00cdTICA DE PRIVACIDAD PARA EL SITIO WEB<\/h1>\n<p>[\/et_pb_text][\/et_pb_column][\/et_pb_row][\/et_pb_section][et_pb_section fb_built=\u00bb1&#8243; _builder_version=\u00bb3.22&#8243;][et_pb_row _builder_version=\u00bb3.25&#8243; background_size=\u00bbinitial\u00bb background_position=\u00bbtop_left\u00bb background_repeat=\u00bbrepeat\u00bb][et_pb_column type=\u00bb4_4&#8243; _builder_version=\u00bb3.25&#8243; custom_padding=\u00bb|||\u00bb custom_padding__hover=\u00bb|||\u00bb][et_pb_text admin_label=\u00bbQUI\u00c9NES SOMOS\u00bb _builder_version=\u00bb3.27.4&#8243;]<\/p>\n<h4><span style=\"color: #000000;\"><strong><u>QUI\u00c9NES SOMOS<\/u><\/strong><\/span><\/h4>\n<p>[\/et_pb_text][et_pb_text _builder_version=\u00bb3.27.4&#8243;]El Grupo DeLonghi considera muy importante la protecci\u00f3n de los datos personales de terceros que posee, y se compromete a proteger en el \u00e1mbito de sus actividades la privacidad de dichos terceros, incluidos, pero no solo, sus clientes, y presta especial atenci\u00f3n a la seguridad y a la confidencialidad de los datos personales de sus clientes.<\/p>\n<p class=\"textbox\" dir=\"ltr\">De\u2019Longhi Electrodom\u00e9sticos Espa\u00f1a S.L.U.\u00a0(en lo sucesivo denominado \u00abDeLonghi\u00bb o la \u00abCompa\u00f1\u00eda\u00bb), de conformidad con el art\u00edculo 13 del RGPD 679\/2016, como responsable del tratamiento de los datos personales recogidos en este sitio web le informa de lo siguiente.<\/p>\n<p>[\/et_pb_text][et_pb_text admin_label=\u00bbQU\u00c9 DATOS PERSONALES PUEDEN SER RECOGIDOS\u00bb _builder_version=\u00bb3.27.4&#8243;]<\/p>\n<h4><span style=\"color: #000000;\"><strong><u>QU\u00c9 DATOS PERSONALES PUEDEN SER RECOGIDOS<\/u><\/strong><\/span><\/h4>\n<p>[\/et_pb_text][et_pb_text _builder_version=\u00bb4.6.2&#8243; hover_enabled=\u00bb0&#8243; sticky_enabled=\u00bb0&#8243;]<\/p>\n<p>Pueden ser recogidos datos personales suyos de las siguientes categor\u00edas:<\/p>\n<ul>\n<li><strong>Datos de contacto<\/strong> \u2013 informaci\u00f3n sobre su nombre, n\u00famero de identificaci\u00f3n fiscal, direcci\u00f3n, n\u00famero de tel\u00e9fono, n\u00famero de tel\u00e9fono m\u00f3vil, direcci\u00f3n de correo electr\u00f3nico;<\/li>\n<li><strong>Intereses<\/strong> \u2013 informaci\u00f3n proporcionada por usted respecto a sus \u00e1reas de inter\u00e9s, por ejemplo, productos que usted encuentra interesantes;<\/li>\n<li><strong>Otros datos personales<\/strong> \u2013 informaci\u00f3n proporcionada por usted respecto a su lugar y fecha de nacimiento, formaci\u00f3n, situaci\u00f3n profesional;<\/li>\n<li><strong>Uso de la web<\/strong> \u2013 informaci\u00f3n sobre c\u00f3mo utiliza el sitio web, c\u00f3mo abre o reenv\u00eda nuestras comunicaciones, incluida la informaci\u00f3n obtenida a trav\u00e9s de las cookies (ver nuestra pol\u00edtica de cookies [<a href=\"http:\/\/comunicacionesbraun.net\/promociones\/politica-cookies\">aqu\u00ed<\/a>] que regula los detalles).<\/li>\n<\/ul>\n<p>[\/et_pb_text][et_pb_text admin_label=\u00bbC\u00d3MO RECOPILAMOS SUS DATOS PERSONALES\u00bb _builder_version=\u00bb3.27.4&#8243;]<\/p>\n<h4><span style=\"color: #000000;\"><strong><u>C\u00d3MO RECOPILAMOS SUS DATOS PERSONALES<\/u><\/strong><\/span><\/h4>\n<p>[\/et_pb_text][et_pb_text _builder_version=\u00bb3.27.4&#8243;]<strong>DeLonghi<\/strong> recopila y procesa sus datos personales en los siguientes casos:<\/p>\n<ul>\n<li>si usted se registra en nuestro sitio web \/ descarga nuestra aplicaci\u00f3n para el uso de sus funciones;<\/li>\n<li>si contacta con nosotros para solicitar asistencia posventa;<\/li>\n<li>si usted responde a nuestras actividades de mercadotecnia, por ejemplo, cuando rellena una tarjeta de contestaci\u00f3n o env\u00eda sus datos en l\u00ednea en uno de nuestros sitios web<\/li>\n<li>si otras empresas del Grupo as\u00ed como nuestros socios de negocio proporcionan informaci\u00f3n acerca de usted de forma legal.<\/li>\n<\/ul>\n<p>si usted proporciona informaci\u00f3n personal en nombre de otra persona, debe asegurarse primero de que haya le\u00eddo esta Pol\u00edtica de Privacidad.<\/p>\n<p>Le rogamos que nos ayude a mantener sus datos personales actualizados inform\u00e1ndonos de cualquier cambio. Cualquier cambio de direcci\u00f3n deber\u00e1 ser inmediatamente comunicado a DeLonghi con el fin de evitar problemas en el uso de nuestros servicios.<br \/>\n[\/et_pb_text][et_pb_text admin_label=\u00bbPARA QU\u00c9 FINES PUEDEN UTILIZARSE SUS DATOS PERSONALES\u00bb _builder_version=\u00bb3.27.4&#8243;]<\/p>\n<h4><span style=\"color: #000000;\"><strong><u>PARA QU\u00c9 FINES PUEDEN UTILIZARSE SUS DATOS PERSONALES<\/u><\/strong><\/span><\/h4>\n<p>[\/et_pb_text][et_pb_text _builder_version=\u00bb3.27.4&#8243;]El tratamiento de datos personales debe estar basado en los fundamentos de derecho establecidos por las normas de protecci\u00f3n de datos, como se describe a continuaci\u00f3n.<\/p>\n<p><strong>a) Establecimiento y ejecuci\u00f3n de la obligaci\u00f3n contractual y de las obligaciones resultantes, incluidas las comunicaciones relativas a los servicios (por ejemplo, para realizar servicios posventa)<\/strong><\/p>\n<p>DeLonghi puede procesar sus datos de contacto para establecer y ejecutar una relaci\u00f3n contractual, para proporcionar los servicios solicitados o para responder a las quejas o sugerencias.\u00a0DeLonghi tambi\u00e9n puede usar su informaci\u00f3n de contacto, en particular su direcci\u00f3n de correo electr\u00f3nico, para proporcionarle informaci\u00f3n sobre el servicio.<\/p>\n<p><u>Bases legales del tratamiento:<\/u> la ejecuci\u00f3n de un contrato.<\/p>\n<p>La aportaci\u00f3n de datos es obligatoria para permitirnos gestionar la relaci\u00f3n contractual; sin estos datos no podemos dar validez legal al contrato.<\/p>\n<p><strong>b) La gesti\u00f3n operativa y los fines estrictamente relacionados, para el acceso a la web, y en particular a las zonas privadas<\/strong>.<\/p>\n<p>DeLonghi recoge sus datos de contacto y de uso de la p\u00e1gina web para permitirle el acceso a su \u00c1rea Personal para: (i) descargar desde su \u00c1rea Personal cualquier documento relativo a los servicios que ha adquirido; (ii) enviar cualquier otra solicitud realizada a trav\u00e9s de la p\u00e1gina web.<\/p>\n<p><u>Bases legales del tratamiento:<\/u> la ejecuci\u00f3n de un contrato.<\/p>\n<p>La aportaci\u00f3n de datos es obligatoria para permitirnos responder a sus sugerencias; sin estos datos no podemos hacerlo.<\/p>\n<p><strong>c) Encuestas de satisfacci\u00f3n del cliente<\/strong><\/p>\n<p>DeLonghi puede utilizar sus datos de contacto para llevar a cabo encuestas dirigidas a medir la satisfacci\u00f3n del cliente en relaci\u00f3n con el servicio prestado.<\/p>\n<p><u>Bases legales del tratamiento:<\/u> el consentimiento, el error en el consentimiento no afecta de ning\u00fan modo a la relaci\u00f3n contractual.<\/p>\n<p>Usted puede revocar en cualquier momento el consentimiento prestado escribiendo a <a href=\"mailto:infoprivacy.iberia@delonghigroup.com\">infoprivacy.iberia@delonghigroup.com<\/a><\/p>\n<p><strong>d) Usos de mercadotecnia para satisfacer sus necesidades o informarle de promociones, bas\u00e1ndonos en sus preferencias\u00a0<\/strong><\/p>\n<p>DeLonghi puede procesar sus datos de contacto para fines de mercadotecnia y publicidad, para informarle de iniciativas de ventas promocionales a trav\u00e9s de m\u00e9todos automatizados de contacto (correo electr\u00f3nico, SMS y otras herramientas de comunicaci\u00f3n en masa, etc) y m\u00e9todos de contacto tradicionales (por ejemplo, por tel\u00e9fono), as\u00ed como para estudios de mercado y encuestas estad\u00edsticas, si usted nos da su consentimiento dentro de los l\u00edmites de la declaraci\u00f3n de consentimiento. DeLonghi tratar\u00e1 asimismo sus datos de contacto, intereses y otros datos personales, con el fin de enviarle informaci\u00f3n publicitaria basada en su perfil espec\u00edfico de cliente sobre sus preferencias e intereses, si usted nos da su consentimiento dentro de los l\u00edmites de la declaraci\u00f3n de consentimiento.<\/p>\n<p><u>Bases legales del tratamiento:<\/u> el consentimiento, el error en el consentimiento no afecta de ning\u00fan modo a la relaci\u00f3n contractual.<strong><em>\u00a0<\/em><\/strong><\/p>\n<p>Usted puede revocar en cualquier momento el consentimiento prestado escribiendo a <a href=\"mailto:infoprivacy.iberia@delonghigroup.com\">infoprivacy.iberia@delonghigroup.com<\/a><\/p>\n<p><strong>e) Transmisi\u00f3n a otras empresas del Grupo DeLonghi con fines de mercadotecnia\u00a0<\/strong><\/p>\n<p>DeLonghi puede transmitir sus datos personales a otras empresas del Grupo DeLonghi y, concretamente, a Kenwood, Braun y De&#8217;Longhi, para fines de mercadotecnia y publicidad, para informarle de iniciativas de ventas promocionales a trav\u00e9s de m\u00e9todos automatizados de contacto (correo electr\u00f3nico, SMS y otras herramientas de comunicaci\u00f3n en masa, etc.) y m\u00e9todos de contacto tradicionales (por ejemplo, por tel\u00e9fono), as\u00ed como para estudios de mercado y encuestas estad\u00edsticas, si usted nos da su consentimiento dentro de los l\u00edmites de la declaraci\u00f3n de consentimiento <em>[enlace a la declaraci\u00f3n]<\/em><\/p>\n<p><u>Bases legales del tratamiento:<\/u> el consentimiento, el error en el consentimiento no afecta de ning\u00fan modo a la relaci\u00f3n contractual.<\/p>\n<p>Usted puede revocar en cualquier momento el consentimiento prestado escribiendo a <a href=\"mailto:infoprivacy.iberia@delonghigroup.com\">infoprivacy.iberia@delonghigroup.com<\/a><\/p>\n<p><strong>f) adecuarse a los acuerdos jur\u00eddicamente vinculantes de las autoridades legales para cumplir las obligaciones legales, reglamentarias o judiciales<\/strong><\/p>\n<p>DeLonghi recoge sus datos personales para cumplir con las obligaciones legales.<\/p>\n<p><u>Bases legales del tratamiento:<\/u> obligaciones legales que debe cumplir la Compa\u00f1\u00eda.<br \/>\n[\/et_pb_text][et_pb_text admin_label=\u00bbC\u00d3MO MANTENEMOS SUS DATOS PERSONALES SEGUROS\u00bb _builder_version=\u00bb3.27.4&#8243;]<\/p>\n<h4><span style=\"color: #000000;\"><strong><u>C\u00d3MO MANTENEMOS SUS DATOS PERSONALES SEGUROS<\/u><\/strong><\/span><\/h4>\n<p>[\/et_pb_text][et_pb_text _builder_version=\u00bb3.27.4&#8243;]La Compa\u00f1\u00eda dispone de una amplia gama de medidas de seguridad para mejorar la protecci\u00f3n y mantener la seguridad, integridad y accesibilidad de sus datos personales.<\/p>\n<p>Todos sus datos personales son almacenados en nuestros servidores seguros (o en copias en papel seguras) o en los de nuestros proveedores o socios comerciales, y se puede acceder a ellos y usarlos seg\u00fan nuestras normas y pol\u00edticas de seguridad (o las normas equivalentes de nuestros proveedores o socios comerciales).<\/p>\n<p>Las medidas de seguridad adoptadas incluyen:<\/p>\n<ul>\n<li>severas restricciones en el acceso a sus datos personales, sujetas a la necesidad y \u00fanicamente para los fines establecidos;<\/li>\n<li>sistemas de seguridad perimetral para evitar el acceso externo no autorizado;<\/li>\n<li>monitoreo permanente de acceso a los sistemas inform\u00e1ticos para identificar y detener el uso indebido de los datos personales;<\/li>\n<li>seguimiento de acceso a sus datos personales por parte del personal interno y verificaci\u00f3n de los fines relacionados;<\/li>\n<li>uso de m\u00e9todos de cifrado a trav\u00e9s de la tecnolog\u00eda Secure Socket Layer (SSL) para las transacciones en nuestro sitio web que requieran la introducci\u00f3n de datos personales.<\/li>\n<\/ul>\n<p>Usted es responsable de mantener en secreto la contrase\u00f1a que le hayamos proporcionado (o haya elegido) para acceder a nuestra p\u00e1gina web, aplicaci\u00f3n o servicios y de cumplir con cualquier otro procedimiento de seguridad que le comuniquemos. Por favor no revele su contrase\u00f1a a nadie.<br \/>\n[\/et_pb_text][et_pb_text admin_label=\u00bbDURANTE CU\u00c1NTO TIEMPO CONSERVAMOS SU INFORMACI\u00d3N\u00bb _builder_version=\u00bb3.27.4&#8243;]<\/p>\n<h4><span style=\"color: #000000;\"><strong><u>DURANTE CU\u00c1NTO TIEMPO CONSERVAMOS SU INFORMACI\u00d3N<\/u><\/strong><\/span><\/h4>\n<p>[\/et_pb_text][et_pb_text _builder_version=\u00bb3.27.4&#8243;]Conservaremos sus datos el tiempo necesario para los fines para los que fueron recabados o para cualquier otro fin relacionado, dentro de la legalidad. Por lo tanto, si sus datos personales son tratados para dos prop\u00f3sitos diferentes, conservaremos los datos hasta que se cumpla el \u00faltimo prop\u00f3sito. Sin embargo, dejaremos de tratar los datos personales recabados para el prop\u00f3sito cuyo per\u00edodo de conservaci\u00f3n haya caducado.<\/p>\n<p>El acceso a sus datos personales est\u00e1 limitado \u00fanicamente a aquellas personas que necesiten hacer uso de ellos para los fines oportunos.<\/p>\n<p>Cuando ya no necesitemos sus datos, o no exista fundamento legal para conservarlos, los haremos an\u00f3nimos de manera irreversible (y de esta manera podremos seguir conserv\u00e1ndolos) o los destruiremos de manera segura.<\/p>\n<p>Los per\u00edodos de conservaci\u00f3n relativos a los diferentes prop\u00f3sitos descritos anteriormente son los indicados a continuaci\u00f3n:<\/p>\n<p><u>a) Cumplimiento de obligaciones contractuales<\/u>: los datos tratados para cumplir con cualquier obligaci\u00f3n contractual podr\u00e1n ser conservados la duraci\u00f3n del contrato y, en todo caso, un m\u00e1ximo de 10 a\u00f1os tras su conclusi\u00f3n, para poder resolver cualquier problema que pueda surgir, incluyendo documentos contables (por ejemplo, facturas).<\/p>\n<p><u>b) Gesti\u00f3n operativa y fines estrictamente relacionados para el acceso a la p\u00e1gina web<\/u>: los datos tratados para estos fines pueden conservados la duraci\u00f3n del contrato y, en todo caso, un m\u00e1ximo de 10 a\u00f1os tras su conclusi\u00f3n.<\/p>\n<p><u>c) Encuestas de satisfacci\u00f3n del cliente<\/u>: conservaremos los datos mientras no se nos solicite su supresi\u00f3n.<\/p>\n<p><u>d) Para fines de mercadotecnia, incluso la creaci\u00f3n de perfil comercial:<\/u> conservaremos los datos mientras no se nos solicite su supresi\u00f3n.<\/p>\n<p><u>e) En el caso de controversias<\/u>: en caso en qu\u00e9 debi\u00e9ramos defendernos, actuar en juicio o presentar demandas contra de usted o contra terceros, podemos conservar los datos personales que consideremos razonablemente necesarios para tales prop\u00f3sitos, durante el tiempo que dure el proceso.<br \/>\n[\/et_pb_text][et_pb_text admin_label=\u00bbCON QUI\u00c9N PODEMOS COMPARTIR SUS DATOS PERSONALES\u00bb _builder_version=\u00bb3.27.4&#8243;]<\/p>\n<h4><span style=\"color: #000000;\"><strong><u>CON QUI\u00c9N PODEMOS COMPARTIR SUS DATOS PERSONALES<\/u><\/strong><\/span><\/h4>\n<p>[\/et_pb_text][et_pb_text _builder_version=\u00bb3.27.4&#8243;]S\u00f3lo podr\u00e1n acceder a sus datos personales el personal debidamente autorizado y proveedores externos nombrados, si procede, como encargados del tratamiento que colaboren con nosotros en la prestaci\u00f3n de servicios.<\/p>\n<p>Para efectos de la realizaci\u00f3n de sus actividades y para el seguimiento de las mencionadas finalidades, otras empresas del Grupo DeLonghi podr\u00e1n acceder a sus datos personales.<br \/>\n[\/et_pb_text][et_pb_text admin_label=\u00bbCONTACTO\u00bb _builder_version=\u00bb3.27.4&#8243;]<\/p>\n<h4><span style=\"color: #000000;\"><strong><u>CONTACTO<\/u><\/strong><\/span><\/h4>\n<p>[\/et_pb_text][et_pb_text _builder_version=\u00bb3.27.4&#8243;]Puede acceder a los datos de contacto de DeLonghi en su calidad de responsable del tratamiento de datos\u00a0y dirigirnos sus preguntas relativas al tratamiento de sus datos personales a la direcci\u00f3n de correo electr\u00f3nico <a href=\"mailto:infoprivacy.iberia@delonghigroup.com\">infoprivacy.iberia@delonghigroup.com<\/a><br \/>\n[\/et_pb_text][et_pb_text admin_label=\u00bbDERECHOS DATOS\u00bb _builder_version=\u00bb3.27.4&#8243;]<\/p>\n<h4><span style=\"color: #000000;\"><strong><u>SUS DERECHOS SOBRE LA PROTECCI\u00d3N DE SUS DATOS DE CAR\u00c1CTER PERSONAL Y SU DERECHO A PRESENTAR DENUNCIAS ANTE LAS AUTORIDADES DE CONTROL<\/u><\/strong><\/span><\/h4>\n<p>[\/et_pb_text][et_pb_text _builder_version=\u00bb3.27.4&#8243;]Usted tiene derecho a solicitar, bajo determinadas condiciones:<\/p>\n<ul>\n<li>el acceso a sus datos personales,<\/li>\n<li>una copia de los datos personales que nos haya facilitado (portabilidad),<\/li>\n<li>la rectificaci\u00f3n de sus datos personales,<\/li>\n<li>la supresi\u00f3n de cualquier dato,<\/li>\n<li>oponerse al tratamiento para fines de mercadotecnia,<\/li>\n<li>revocar su consentimiento, en los casos en los que el tratamiento se base en el consentimiento,<\/li>\n<li>restringir la manera en la que tratamos sus datos.<\/li>\n<\/ul>\n<p>El ejercicio de estos derechos est\u00e1 sujeto a ciertas excepciones para salvaguardar el inter\u00e9s p\u00fablico (por ejemplo, la prevenci\u00f3n o la determinaci\u00f3n de delitos) y nuestros intereses (por ejemplo, el mantenimiento del secreto profesional). Si desea ejercer alguno de los derechos anteriormente citados, comprobaremos que usted tiene derecho a hacerlo y, en condiciones normales, recibir\u00e1 una respuesta en el plazo de un mes.<\/p>\n<p>Nos esforzamos para responder a las quejas o sugerencias sobre los m\u00e9todos utilizados para procesar sus datos. Sin embargo, si lo desea, puede remitir sus quejas o sugerencias a la autoridad encargada de la protecci\u00f3n de datos a trav\u00e9s de los siguientes datos de contacto: (Agencia Espa\u00f1ola de Protecci\u00f3n de Datos) en www.agpd.es<br \/>\n[\/et_pb_text][\/et_pb_column][\/et_pb_row][\/et_pb_section]<\/p>\n","protected":false},"excerpt":{"rendered":"<p>POL\u00cdTICA DE PRIVACIDAD PARA EL SITIO WEB QUI\u00c9NES SOMOS El Grupo DeLonghi considera muy importante la protecci\u00f3n de los datos personales de terceros que posee, y se compromete a proteger en el \u00e1mbito de sus actividades la privacidad de dichos terceros, incluidos, pero no solo, sus clientes, y presta especial atenci\u00f3n a la seguridad y [&hellip;]<\/p>\n","protected":false},"author":1,"featured_media":0,"parent":0,"menu_order":0,"comment_status":"closed","ping_status":"closed","template":"","meta":{"_et_pb_use_builder":"on","_et_pb_old_content":"","_et_gb_content_width":"","footnotes":""},"class_list":["post-3229","page","type-page","status-publish","hentry"],"_links":{"self":[{"href":"https:\/\/comunicacionesbraun.net\/promociones\/wp-json\/wp\/v2\/pages\/3229","targetHints":{"allow":["GET"]}}],"collection":[{"href":"https:\/\/comunicacionesbraun.net\/promociones\/wp-json\/wp\/v2\/pages"}],"about":[{"href":"https:\/\/comunicacionesbraun.net\/promociones\/wp-json\/wp\/v2\/types\/page"}],"author":[{"embeddable":true,"href":"https:\/\/comunicacionesbraun.net\/promociones\/wp-json\/wp\/v2\/users\/1"}],"replies":[{"embeddable":true,"href":"https:\/\/comunicacionesbraun.net\/promociones\/wp-json\/wp\/v2\/comments?post=3229"}],"version-history":[{"count":8,"href":"https:\/\/comunicacionesbraun.net\/promociones\/wp-json\/wp\/v2\/pages\/3229\/revisions"}],"predecessor-version":[{"id":3772,"href":"https:\/\/comunicacionesbraun.net\/promociones\/wp-json\/wp\/v2\/pages\/3229\/revisions\/3772"}],"wp:attachment":[{"href":"https:\/\/comunicacionesbraun.net\/promociones\/wp-json\/wp\/v2\/media?parent=3229"}],"curies":[{"name":"wp","href":"https:\/\/api.w.org\/{rel}","templated":true}]}}