{"id":4040,"date":"2023-08-31T10:45:47","date_gmt":"2023-08-31T08:45:47","guid":{"rendered":"https:\/\/comunicacionesbraun.net\/promociones\/?page_id=4040"},"modified":"2025-09-01T12:37:24","modified_gmt":"2025-09-01T10:37:24","slug":"disenado-para-durar","status":"publish","type":"page","link":"https:\/\/comunicacionesbraun.net\/promociones\/disenado-para-durar\/","title":{"rendered":"Promoci\u00f3n Dise\u00f1ado para Durar &#8211; 5 a\u00f1os garant\u00eda"},"content":{"rendered":"<p>[et_pb_section fb_built=\u00bb1&#8243; _builder_version=\u00bb4.22.1&#8243; _module_preset=\u00bbdefault\u00bb custom_margin=\u00bb-30px||0px||false|false\u00bb custom_padding=\u00bb0px||0px||false|false\u00bb global_colors_info=\u00bb{}\u00bb][et_pb_row _builder_version=\u00bb4.22.1&#8243; _module_preset=\u00bbdefault\u00bb width=\u00bb81%\u00bb width_tablet=\u00bb81%\u00bb width_phone=\u00bb90%\u00bb width_last_edited=\u00bbon|phone\u00bb custom_margin_tablet=\u00bb\u00bb custom_margin_phone=\u00bb\u00bb custom_margin_last_edited=\u00bbon|phone\u00bb custom_padding=\u00bb||0px||false|false\u00bb global_colors_info=\u00bb{}\u00bb][et_pb_column type=\u00bb4_4&#8243; _builder_version=\u00bb4.22.1&#8243; _module_preset=\u00bbdefault\u00bb global_colors_info=\u00bb{}\u00bb][et_pb_image src=\u00bbhttps:\/\/comunicacionesbraun.net\/promociones\/wp-content\/uploads\/PROMO-5-ANOS-GARANTIA-DISENADOS-PARA-DURAR.jpg\u00bb title_text=\u00bbPROMO-5-AN\u0303OS-GARANTIA-DISEN\u0303ADO-PARA-DURAR-mobile\u00bb force_fullwidth=\u00bbon\u00bb src_tablet=\u00bbhttps:\/\/comunicacionesbraun.net\/promociones\/wp-content\/uploads\/PROMO-5-ANOS-GARANTIA-DISENADOS-PARA-DURAR.jpg\u00bb src_phone=\u00bbhttps:\/\/comunicacionesbraun.net\/promociones\/wp-content\/uploads\/PROMO-5-ANOS-GARANTIA-DISENADO-PARA-DURAR-mobile.jpg\u00bb src_last_edited=\u00bbon|phone\u00bb _builder_version=\u00bb4.27.4&#8243; _module_preset=\u00bbdefault\u00bb width_tablet=\u00bb\u00bb width_phone=\u00bb\u00bb width_last_edited=\u00bbon|phone\u00bb custom_margin=\u00bb||46px|||\u00bb custom_margin_tablet=\u00bb||46px|||\u00bb custom_margin_phone=\u00bb5px||33px||false|false\u00bb custom_margin_last_edited=\u00bbon|phone\u00bb hover_enabled=\u00bb0&#8243; global_colors_info=\u00bb{}\u00bb sticky_enabled=\u00bb0&#8243;][\/et_pb_image][et_pb_text content_tablet=\u00bb<\/p>\n<h3><strong>\u00bfC\u00f3mo obtener la garant\u00eda de 5 a\u00f1os?<br \/><\/strong><\/h3>\n<p>\u00bb content_phone=\u00bb<\/p>\n<h3><strong>\u00bfC\u00f3mo obtener la garant\u00eda<br \/>de 5 a\u00f1os?<br \/><\/strong><\/h3>\n<p>\u00bb content_last_edited=\u00bbon|phone\u00bb _builder_version=\u00bb4.22.1&#8243; _module_preset=\u00bbdefault\u00bb text_font_size=\u00bb16px\u00bb header_3_font_size=\u00bb25px\u00bb header_3_text_align_tablet=\u00bb\u00bb header_3_text_align_phone=\u00bbcenter\u00bb header_3_text_align_last_edited=\u00bbon|phone\u00bb header_3_font_size_tablet=\u00bb25px\u00bb header_3_font_size_phone=\u00bb25px\u00bb header_3_font_size_last_edited=\u00bbon|phone\u00bb header_3_line_height_tablet=\u00bb\u00bb header_3_line_height_phone=\u00bb1.2em\u00bb header_3_line_height_last_edited=\u00bbon|phone\u00bb global_colors_info=\u00bb{}\u00bb]<\/p>\n<h3><strong>\u00bfC\u00f3mo obtener la garant\u00eda de 5 a\u00f1os?<br \/><\/strong><\/h3>\n<p>[\/et_pb_text][\/et_pb_column][\/et_pb_row][et_pb_row _builder_version=\u00bb4.22.1&#8243; _module_preset=\u00bbdefault\u00bb width=\u00bb81%\u00bb width_tablet=\u00bb81%\u00bb width_phone=\u00bb83%\u00bb width_last_edited=\u00bbon|phone\u00bb custom_margin_tablet=\u00bb\u00bb custom_margin_phone=\u00bb\u00bb custom_margin_last_edited=\u00bbon|phone\u00bb custom_padding=\u00bb||37px||false|false\u00bb global_colors_info=\u00bb{}\u00bb][et_pb_column type=\u00bb4_4&#8243; _builder_version=\u00bb4.22.1&#8243; _module_preset=\u00bbdefault\u00bb global_colors_info=\u00bb{}\u00bb][et_pb_text content_tablet=\u00bb<\/p>\n<ol>\n<li><span> Del <strong>15\/03\/2025 al 31\/12\/2025<\/strong> compra una plancha de vapor, centro de planchado de las series 5, 7 y 9, MultiFry 5 o TwinCook 3.<\/span><span><\/span><\/li>\n<li><span><strong>Registra el producto<\/strong> en la web de Braun.<\/span><\/li>\n<li><span><strong>Inicia sesi\u00f3n<\/strong>, si ya tienes un usuario en nuestra tienda online, o sigue los pasos para crear una nueva cuenta. A continuaci\u00f3n, <strong>selecciona el producto<\/strong> que compraste y sigue los pasos.<\/span><\/li>\n<li><span>Recibir\u00e1s autom\u00e1ticamente un <strong>correo electr\u00f3nico de confirmaci\u00f3n<\/strong> de tu registro del producto y aproximadamente 3 horas m\u00e1s tarde tambi\u00e9n la confirmaci\u00f3n del certificado de garant\u00eda adicional.<\/span><\/li>\n<li><span>\u00bfNo recibiste la confirmaci\u00f3n? Por favor, <strong>revisa tu carpeta de correo no deseado<\/strong>.<\/span><\/li>\n<\/ol>\n<p>\u00bb content_phone=\u00bb<\/p>\n<ol>\n<li><span> Del <strong>15\/03\/2025 al 31\/12\/2025<\/strong> compra una plancha de vapor, centro de planchado de las series 5, 7 y 9, MultiFry 5 o TwinCook 3.<\/span><span><\/span><\/li>\n<li><span><strong>Registra el producto<\/strong> en la web de Braun.<\/span><\/li>\n<li><span><strong>Inicia sesi\u00f3n<\/strong>, si ya tienes un usuario en nuestra tienda online, o sigue los pasos para crear una nueva cuenta. A continuaci\u00f3n, <strong>selecciona el producto<\/strong> que compraste y sigue los pasos.<\/span><\/li>\n<li><span>Recibir\u00e1s autom\u00e1ticamente un <strong>correo electr\u00f3nico de confirmaci\u00f3n<\/strong> de tu registro del producto y aproximadamente 3 horas m\u00e1s tarde tambi\u00e9n la confirmaci\u00f3n del certificado de garant\u00eda adicional.<\/span><\/li>\n<p><\/p>\n<li><span>\u00bfNo recibiste la confirmaci\u00f3n? Por favor, <strong>revisa tu carpeta de correo no deseado<\/strong>.<\/span><\/li>\n<\/ol>\n<p>\u00bb content_last_edited=\u00bbon|phone\u00bb _builder_version=\u00bb4.27.4&#8243; _module_preset=\u00bbdefault\u00bb text_font_size=\u00bb16px\u00bb ol_font=\u00bb||||||||\u00bb ol_font_size=\u00bb17px\u00bb ol_line_height=\u00bb1.7em\u00bb global_colors_info=\u00bb{}\u00bb]<\/p>\n<ol>\n<li><span>Del <strong>01\/05\/2025 al 31\/12\/2025<\/strong> compra una plancha de vapor, centro de planchado de las series 5, 5 Pro, 7 y 9, MultiFry 5 o TwinCook 3.<\/span><\/li>\n<li><span><strong>Registra el producto<\/strong> en la web de Braun.<\/span><\/li>\n<li><span><strong>Inicia sesi\u00f3n<\/strong>, si ya tienes un usuario en nuestra tienda online, o sigue los pasos para crear una nueva cuenta. A continuaci\u00f3n, <strong>selecciona el producto<\/strong> que compraste y sigue los pasos.<\/span><\/li>\n<li><span>Recibir\u00e1s autom\u00e1ticamente un <strong>correo electr\u00f3nico de confirmaci\u00f3n<\/strong> de tu registro del producto y aproximadamente 3 horas m\u00e1s tarde tambi\u00e9n la confirmaci\u00f3n del certificado de garant\u00eda adicional.<\/span><\/li>\n<li><span>\u00bfNo recibiste la confirmaci\u00f3n? Por favor, <strong>revisa tu carpeta de correo no deseado<\/strong>.<\/span><\/li>\n<\/ol>\n<p>[\/et_pb_text][\/et_pb_column][\/et_pb_row][et_pb_row _builder_version=\u00bb4.22.1&#8243; _module_preset=\u00bbdefault\u00bb background_color=\u00bb#000000&#8243; width_tablet=\u00bb\u00bb width_phone=\u00bb100%\u00bb width_last_edited=\u00bbon|phone\u00bb min_height=\u00bb100px\u00bb height=\u00bb100px\u00bb custom_margin=\u00bb0px||0px||false|false\u00bb custom_padding=\u00bb10px||0px||false|false\u00bb global_colors_info=\u00bb{}\u00bb][et_pb_column type=\u00bb4_4&#8243; _builder_version=\u00bb4.22.1&#8243; _module_preset=\u00bbdefault\u00bb global_colors_info=\u00bb{}\u00bb][et_pb_image src=\u00bbhttps:\/\/comunicacionesbraun.net\/promociones\/wp-content\/uploads\/Braun_logo_black.png\u00bb title_text=\u00bbBraun_logo_black\u00bb _builder_version=\u00bb4.22.1&#8243; _module_preset=\u00bbdefault\u00bb background_color=\u00bb#000000&#8243; width=\u00bb12%\u00bb width_tablet=\u00bb12%\u00bb width_phone=\u00bb30%\u00bb width_last_edited=\u00bbon|phone\u00bb module_alignment=\u00bbcenter\u00bb custom_margin=\u00bb0px||0px||false|false\u00bb custom_padding=\u00bb10px||0px||false|false\u00bb global_colors_info=\u00bb{}\u00bb][\/et_pb_image][\/et_pb_column][\/et_pb_row][\/et_pb_section]<\/p>\n","protected":false},"excerpt":{"rendered":"<p>\u00bfC\u00f3mo obtener la garant\u00eda de 5 a\u00f1os? Del 01\/05\/2025 al 31\/12\/2025 compra una plancha de vapor, centro de planchado de las series 5, 5 Pro, 7 y 9, MultiFry 5 o TwinCook 3. Registra el producto en la web de Braun. Inicia sesi\u00f3n, si ya tienes un usuario en nuestra tienda online, o sigue los [&hellip;]<\/p>\n","protected":false},"author":1,"featured_media":0,"parent":0,"menu_order":0,"comment_status":"closed","ping_status":"closed","template":"","meta":{"_et_pb_use_builder":"on","_et_pb_old_content":"","_et_gb_content_width":"","footnotes":""},"class_list":["post-4040","page","type-page","status-publish","hentry"],"_links":{"self":[{"href":"https:\/\/comunicacionesbraun.net\/promociones\/wp-json\/wp\/v2\/pages\/4040","targetHints":{"allow":["GET"]}}],"collection":[{"href":"https:\/\/comunicacionesbraun.net\/promociones\/wp-json\/wp\/v2\/pages"}],"about":[{"href":"https:\/\/comunicacionesbraun.net\/promociones\/wp-json\/wp\/v2\/types\/page"}],"author":[{"embeddable":true,"href":"https:\/\/comunicacionesbraun.net\/promociones\/wp-json\/wp\/v2\/users\/1"}],"replies":[{"embeddable":true,"href":"https:\/\/comunicacionesbraun.net\/promociones\/wp-json\/wp\/v2\/comments?post=4040"}],"version-history":[{"count":21,"href":"https:\/\/comunicacionesbraun.net\/promociones\/wp-json\/wp\/v2\/pages\/4040\/revisions"}],"predecessor-version":[{"id":4415,"href":"https:\/\/comunicacionesbraun.net\/promociones\/wp-json\/wp\/v2\/pages\/4040\/revisions\/4415"}],"wp:attachment":[{"href":"https:\/\/comunicacionesbraun.net\/promociones\/wp-json\/wp\/v2\/media?parent=4040"}],"curies":[{"name":"wp","href":"https:\/\/api.w.org\/{rel}","templated":true}]}}