{"id":4131,"date":"2024-05-23T13:52:15","date_gmt":"2024-05-23T11:52:15","guid":{"rendered":"https:\/\/comunicacionesbraun.net\/promociones\/?page_id=4131"},"modified":"2024-06-04T12:22:53","modified_gmt":"2024-06-04T10:22:53","slug":"sorteo-minipimer-eci","status":"publish","type":"page","link":"https:\/\/comunicacionesbraun.net\/promociones\/sorteo-minipimer-eci\/","title":{"rendered":"SORTEO MINIPIMER -Gazpacho o Salmorejo- **ECI**"},"content":{"rendered":"<p>[et_pb_section fb_built=\u00bb1&#8243; _builder_version=\u00bb4.22.1&#8243; _module_preset=\u00bbdefault\u00bb custom_margin=\u00bb-50px||||false|false\u00bb global_colors_info=\u00bb{}\u00bb][et_pb_row _builder_version=\u00bb4.22.1&#8243; _module_preset=\u00bbdefault\u00bb global_colors_info=\u00bb{}\u00bb][et_pb_column type=\u00bb4_4&#8243; _builder_version=\u00bb4.22.1&#8243; _module_preset=\u00bbdefault\u00bb global_colors_info=\u00bb{}\u00bb][et_pb_image src=\u00bbhttps:\/\/comunicacionesbraun.net\/promociones\/wp-content\/uploads\/03_HEADER-FORMULARIO-SORTEO-MINIPIMER_GAZPACHO-SALMOREJO_EC.jpg\u00bb title_text=\u00bb03_HEADER-FORMULARIO-SORTEO-MINIPIMER_GAZPACHO-SALMOREJO_EC\u00bb _builder_version=\u00bb4.22.1&#8243; _module_preset=\u00bbdefault\u00bb hover_enabled=\u00bb0&#8243; global_colors_info=\u00bb{}\u00bb sticky_enabled=\u00bb0&#8243;][\/et_pb_image][et_pb_text _builder_version=\u00bb4.22.1&#8243; _module_preset=\u00bbdefault\u00bb text_font_size=\u00bb16px\u00bb global_colors_info=\u00bb{}\u00bb]<\/p>\n<p>La promoci\u00f3n es <strong>exclusiva para clientes de El Corte Ingl\u00e9s<\/strong> y v\u00e1lida del <strong>1 al 30 de junio de 2024<\/strong>. El sorteo de las batidoras Minipimer 9 (<span>MQ9135X<\/span><span>)<\/span> se realizar\u00e1 dentro de los 15 d\u00edas posteriores a la promoci\u00f3n.<\/p>\n<p><span>Recuerda que solamente podr\u00e1s participar en el sorteo <strong>si has comprado un producto Braun Hogar<\/strong>, eres <strong>mayor de edad y residente en Espa\u00f1a<\/strong>.\u00a0<\/span><span>Consulta las bases legales de la promoci\u00f3n <strong><a href=\"https:\/\/comunicacionesbraun.net\/promociones\/wp-content\/uploads\/BASES-PROMOCION-BRAUN-GAZPACHO-O-SALMOREJO-ECI-2024-2-compra-asociada.pdf\">aqu\u00ed<\/a><\/strong>.<\/span><\/p>\n<p><span>Rellena el siguiente formulario para participar.<\/span><\/p>\n<p>[\/et_pb_text][et_pb_text _builder_version=\u00bb4.22.1&#8243; _module_preset=\u00bbdefault\u00bb global_colors_info=\u00bb{}\u00bb]<\/p>\n\n<p>[\/et_pb_text][\/et_pb_column][\/et_pb_row][\/et_pb_section]<\/p>\n","protected":false},"excerpt":{"rendered":"<p>La promoci\u00f3n es exclusiva para clientes de El Corte Ingl\u00e9s y v\u00e1lida del 1 al 30 de junio de 2024. El sorteo de las batidoras Minipimer 9 (MQ9135X) se realizar\u00e1 dentro de los 15 d\u00edas posteriores a la promoci\u00f3n. Recuerda que solamente podr\u00e1s participar en el sorteo si has comprado un producto Braun Hogar, eres [&hellip;]<\/p>\n","protected":false},"author":1,"featured_media":0,"parent":0,"menu_order":0,"comment_status":"closed","ping_status":"closed","template":"","meta":{"_et_pb_use_builder":"on","_et_pb_old_content":"","_et_gb_content_width":"","footnotes":""},"class_list":["post-4131","page","type-page","status-publish","hentry"],"_links":{"self":[{"href":"https:\/\/comunicacionesbraun.net\/promociones\/wp-json\/wp\/v2\/pages\/4131","targetHints":{"allow":["GET"]}}],"collection":[{"href":"https:\/\/comunicacionesbraun.net\/promociones\/wp-json\/wp\/v2\/pages"}],"about":[{"href":"https:\/\/comunicacionesbraun.net\/promociones\/wp-json\/wp\/v2\/types\/page"}],"author":[{"embeddable":true,"href":"https:\/\/comunicacionesbraun.net\/promociones\/wp-json\/wp\/v2\/users\/1"}],"replies":[{"embeddable":true,"href":"https:\/\/comunicacionesbraun.net\/promociones\/wp-json\/wp\/v2\/comments?post=4131"}],"version-history":[{"count":9,"href":"https:\/\/comunicacionesbraun.net\/promociones\/wp-json\/wp\/v2\/pages\/4131\/revisions"}],"predecessor-version":[{"id":4164,"href":"https:\/\/comunicacionesbraun.net\/promociones\/wp-json\/wp\/v2\/pages\/4131\/revisions\/4164"}],"wp:attachment":[{"href":"https:\/\/comunicacionesbraun.net\/promociones\/wp-json\/wp\/v2\/media?parent=4131"}],"curies":[{"name":"wp","href":"https:\/\/api.w.org\/{rel}","templated":true}]}}