{"id":4183,"date":"2024-07-16T13:04:30","date_gmt":"2024-07-16T11:04:30","guid":{"rendered":"https:\/\/comunicacionesbraun.net\/promociones\/?page_id=4183"},"modified":"2024-07-16T13:04:30","modified_gmt":"2024-07-16T11:04:30","slug":"formulario","status":"publish","type":"page","link":"https:\/\/comunicacionesbraun.net\/promociones\/formulario\/","title":{"rendered":"formulario"},"content":{"rendered":"<p>[et_pb_section fb_built=\u00bb1&#8243; _builder_version=\u00bb4.22.1&#8243; _module_preset=\u00bbdefault\u00bb custom_margin=\u00bb-50px||||false|false\u00bb global_colors_info=\u00bb{}\u00bb theme_builder_area=\u00bbpost_content\u00bb][et_pb_row _builder_version=\u00bb4.22.1&#8243; _module_preset=\u00bbdefault\u00bb global_colors_info=\u00bb{}\u00bb theme_builder_area=\u00bbpost_content\u00bb][et_pb_column type=\u00bb4_4&#8243; _builder_version=\u00bb4.22.1&#8243; _module_preset=\u00bbdefault\u00bb global_colors_info=\u00bb{}\u00bb theme_builder_area=\u00bbpost_content\u00bb][et_pb_image src=\u00bbhttps:\/\/comunicacionesbraun.net\/promociones\/wp-content\/uploads\/03_HEADER_FORMULARIO_GAZPACHO-SALMOREJO.jpg\u00bb title_text=\u00bb03_HEADER_FORMULARIO_GAZPACHO-SALMOREJO\u00bb _builder_version=\u00bb4.22.1&#8243; _module_preset=\u00bbdefault\u00bb global_colors_info=\u00bb{}\u00bb theme_builder_area=\u00bbpost_content\u00bb][\/et_pb_image][et_pb_text _builder_version=\u00bb4.22.1&#8243; _module_preset=\u00bbdefault\u00bb text_font_size=\u00bb16px\u00bb global_colors_info=\u00bb{}\u00bb theme_builder_area=\u00bbpost_content\u00bb]<\/p>\n<p><span>Recuerda que solamente podr\u00e1s participar en el sorteo si eres <strong>mayor de edad y residente en Espa\u00f1a<\/strong>.\u00a0<\/span><\/p>\n<p>La promoci\u00f3n es v\u00e1lida del <strong>20 de mayo de 2024 al 30 de junio de 2024<\/strong>. El sorteo de las batidoras Minipimer 9 (<span>MQ9147X)<\/span> se realizar\u00e1 entre el 1 y el 7 de julio de 2024.<\/p>\n<p>[\/et_pb_text][et_pb_text _builder_version=\u00bb4.22.1&#8243; _module_preset=\u00bbdefault\u00bb global_colors_info=\u00bb{}\u00bb theme_builder_area=\u00bbpost_content\u00bb]<\/p>\n<p class=\"gform_not_found\">\u00a1Vaya! No hemos podido localizar tu formulario.<\/p>\n<p>[\/et_pb_text][\/et_pb_column][\/et_pb_row][\/et_pb_section]<\/p>\n","protected":false},"excerpt":{"rendered":"<p>Recuerda que solamente podr\u00e1s participar en el sorteo si eres mayor de edad y residente en Espa\u00f1a.\u00a0 La promoci\u00f3n es v\u00e1lida del 20 de mayo de 2024 al 30 de junio de 2024. El sorteo de las batidoras Minipimer 9 (MQ9147X) se realizar\u00e1 entre el 1 y el 7 de julio de 2024.<p class=\"gform_not_found\">\u00a1Vaya! No hemos podido localizar tu formulario.<\/p><\/p>\n","protected":false},"author":1,"featured_media":0,"parent":0,"menu_order":0,"comment_status":"closed","ping_status":"closed","template":"","meta":{"_et_pb_use_builder":"on","_et_pb_old_content":"","_et_gb_content_width":"","footnotes":""},"class_list":["post-4183","page","type-page","status-publish","hentry"],"_links":{"self":[{"href":"https:\/\/comunicacionesbraun.net\/promociones\/wp-json\/wp\/v2\/pages\/4183","targetHints":{"allow":["GET"]}}],"collection":[{"href":"https:\/\/comunicacionesbraun.net\/promociones\/wp-json\/wp\/v2\/pages"}],"about":[{"href":"https:\/\/comunicacionesbraun.net\/promociones\/wp-json\/wp\/v2\/types\/page"}],"author":[{"embeddable":true,"href":"https:\/\/comunicacionesbraun.net\/promociones\/wp-json\/wp\/v2\/users\/1"}],"replies":[{"embeddable":true,"href":"https:\/\/comunicacionesbraun.net\/promociones\/wp-json\/wp\/v2\/comments?post=4183"}],"version-history":[{"count":2,"href":"https:\/\/comunicacionesbraun.net\/promociones\/wp-json\/wp\/v2\/pages\/4183\/revisions"}],"predecessor-version":[{"id":4185,"href":"https:\/\/comunicacionesbraun.net\/promociones\/wp-json\/wp\/v2\/pages\/4183\/revisions\/4185"}],"wp:attachment":[{"href":"https:\/\/comunicacionesbraun.net\/promociones\/wp-json\/wp\/v2\/media?parent=4183"}],"curies":[{"name":"wp","href":"https:\/\/api.w.org\/{rel}","templated":true}]}}