{"id":4196,"date":"2024-10-22T13:29:26","date_gmt":"2024-10-22T11:29:26","guid":{"rendered":"https:\/\/comunicacionesbraun.net\/promociones\/?page_id=4196"},"modified":"2024-12-23T13:46:09","modified_gmt":"2024-12-23T11:46:09","slug":"sorteo-drumwit","status":"publish","type":"page","link":"https:\/\/comunicacionesbraun.net\/promociones\/sorteo-drumwit\/","title":{"rendered":"Promo Drumwit Planchado"},"content":{"rendered":"<p>[et_pb_section fb_built=\u00bb1&#8243; _builder_version=\u00bb4.22.1&#8243; _module_preset=\u00bbdefault\u00bb custom_margin=\u00bb-50px||||false|false\u00bb global_colors_info=\u00bb{}\u00bb][et_pb_row _builder_version=\u00bb4.22.1&#8243; _module_preset=\u00bbdefault\u00bb global_colors_info=\u00bb{}\u00bb][et_pb_column type=\u00bb4_4&#8243; _builder_version=\u00bb4.22.1&#8243; _module_preset=\u00bbdefault\u00bb global_colors_info=\u00bb{}\u00bb][et_pb_image src=\u00bbhttps:\/\/comunicacionesbraun.net\/promociones\/wp-content\/uploads\/02_HEADER_PROMO-PLANCHADO-VIAJES-DRUMWIT.jpg\u00bb title_text=\u00bb02_HEADER_PROMO-PLANCHADO-VIAJES-DRUMWIT\u00bb _builder_version=\u00bb4.22.1&#8243; _module_preset=\u00bbdefault\u00bb global_colors_info=\u00bb{}\u00bb][\/et_pb_image][et_pb_text _builder_version=\u00bb4.22.1&#8243; _module_preset=\u00bbdefault\u00bb text_font_size=\u00bb16px\u00bb hover_enabled=\u00bb0&#8243; global_colors_info=\u00bb{}\u00bb sticky_enabled=\u00bb0&#8243;]<\/p>\n<p>La promoci\u00f3n es v\u00e1lida del <strong>1 de noviembre de 2024 al 28 de febrero de 2025<\/strong>. El sorteo de los 10 viajes sorpresa en Drumwit.com se realizar\u00e1 el 31 de marzo de 2025.<span><\/span><\/p>\n<p><span>Recuerda que solamente podr\u00e1s participar en el sorteo <strong>si has comprado un producto de planchado Braun superior a 50\u20ac<\/strong>, eres <strong>mayor de edad y residente en Espa\u00f1a<\/strong>.\u00a0<\/span><\/p>\n<p>[\/et_pb_text][et_pb_text _builder_version=\u00bb4.22.1&#8243; _module_preset=\u00bbdefault\u00bb global_colors_info=\u00bb{}\u00bb]<\/p>\n\n<p>[\/et_pb_text][\/et_pb_column][\/et_pb_row][\/et_pb_section]<\/p>\n","protected":false},"excerpt":{"rendered":"<p>La promoci\u00f3n es v\u00e1lida del 1 de noviembre de 2024 al 28 de febrero de 2025. El sorteo de los 10 viajes sorpresa en Drumwit.com se realizar\u00e1 el 31 de marzo de 2025. Recuerda que solamente podr\u00e1s participar en el sorteo si has comprado un producto de planchado Braun superior a 50\u20ac, eres mayor de [&hellip;]<\/p>\n","protected":false},"author":1,"featured_media":0,"parent":0,"menu_order":0,"comment_status":"closed","ping_status":"closed","template":"","meta":{"_et_pb_use_builder":"on","_et_pb_old_content":"<!-- wp:divi\/placeholder \/-->","_et_gb_content_width":"","footnotes":""},"class_list":["post-4196","page","type-page","status-publish","hentry"],"_links":{"self":[{"href":"https:\/\/comunicacionesbraun.net\/promociones\/wp-json\/wp\/v2\/pages\/4196","targetHints":{"allow":["GET"]}}],"collection":[{"href":"https:\/\/comunicacionesbraun.net\/promociones\/wp-json\/wp\/v2\/pages"}],"about":[{"href":"https:\/\/comunicacionesbraun.net\/promociones\/wp-json\/wp\/v2\/types\/page"}],"author":[{"embeddable":true,"href":"https:\/\/comunicacionesbraun.net\/promociones\/wp-json\/wp\/v2\/users\/1"}],"replies":[{"embeddable":true,"href":"https:\/\/comunicacionesbraun.net\/promociones\/wp-json\/wp\/v2\/comments?post=4196"}],"version-history":[{"count":9,"href":"https:\/\/comunicacionesbraun.net\/promociones\/wp-json\/wp\/v2\/pages\/4196\/revisions"}],"predecessor-version":[{"id":4293,"href":"https:\/\/comunicacionesbraun.net\/promociones\/wp-json\/wp\/v2\/pages\/4196\/revisions\/4293"}],"wp:attachment":[{"href":"https:\/\/comunicacionesbraun.net\/promociones\/wp-json\/wp\/v2\/media?parent=4196"}],"curies":[{"name":"wp","href":"https:\/\/api.w.org\/{rel}","templated":true}]}}