{"id":4198,"date":"2024-10-21T16:42:55","date_gmt":"2024-10-21T14:42:55","guid":{"rendered":"https:\/\/comunicacionesbraun.net\/promociones\/?page_id=4198"},"modified":"2025-10-21T15:13:31","modified_gmt":"2025-10-21T13:13:31","slug":"debate-navidad","status":"publish","type":"page","link":"https:\/\/comunicacionesbraun.net\/promociones\/debate-navidad\/","title":{"rendered":"SORTEO BRAUN MINIPIMER -Gran Debate Navidad-"},"content":{"rendered":"<p>[et_pb_section fb_built=\u00bb1&#8243; custom_padding_last_edited=\u00bbon|phone\u00bb _builder_version=\u00bb4.27.4&#8243; _module_preset=\u00bbdefault\u00bb custom_margin=\u00bb-50px||||false|false\u00bb custom_margin_tablet=\u00bb-50px||||false|false\u00bb custom_margin_phone=\u00bb-50px||0px||false|false\u00bb custom_margin_last_edited=\u00bbon|phone\u00bb custom_padding_tablet=\u00bb\u00bb custom_padding_phone=\u00bb||0px||false|false\u00bb global_colors_info=\u00bb{}\u00bb][et_pb_row custom_padding_last_edited=\u00bbon|phone\u00bb _builder_version=\u00bb4.27.4&#8243; _module_preset=\u00bbdefault\u00bb width=\u00bb100%\u00bb width_tablet=\u00bb100%\u00bb width_phone=\u00bb100%\u00bb width_last_edited=\u00bbon|phone\u00bb custom_margin=\u00bb||||false|false\u00bb custom_padding=\u00bb3px||||false|false\u00bb custom_padding_tablet=\u00bb3px||||false|false\u00bb custom_padding_phone=\u00bb0px||||false|false\u00bb global_colors_info=\u00bb{}\u00bb][et_pb_column type=\u00bb4_4&#8243; _builder_version=\u00bb4.22.1&#8243; _module_preset=\u00bbdefault\u00bb global_colors_info=\u00bb{}\u00bb][et_pb_image src=\u00bbhttps:\/\/comunicacionesbraun.net\/promociones\/wp-content\/uploads\/01_HEADER_FORMULARIO_GRAN-DEBATE-REAL.jpg\u00bb title_text=\u00bb01_HEADER_FORMULARIO_GRAN-DEBATE-REAL\u00bb _builder_version=\u00bb4.27.4&#8243; _module_preset=\u00bbdefault\u00bb global_colors_info=\u00bb{}\u00bb][\/et_pb_image][\/et_pb_column][\/et_pb_row][et_pb_row _builder_version=\u00bb4.27.4&#8243; _module_preset=\u00bbdefault\u00bb width_tablet=\u00bb\u00bb width_phone=\u00bb85%\u00bb width_last_edited=\u00bbon|phone\u00bb max_width_tablet=\u00bb\u00bb max_width_phone=\u00bb\u00bb max_width_last_edited=\u00bbon|phone\u00bb custom_margin=\u00bb||||false|false\u00bb custom_padding=\u00bb3px||||false|false\u00bb global_colors_info=\u00bb{}\u00bb][et_pb_column type=\u00bb4_4&#8243; _builder_version=\u00bb4.22.1&#8243; _module_preset=\u00bbdefault\u00bb global_colors_info=\u00bb{}\u00bb][et_pb_text _builder_version=\u00bb4.27.4&#8243; _module_preset=\u00bbdefault\u00bb text_font_size=\u00bb16px\u00bb custom_margin=\u00bb||14px|||\u00bb hover_enabled=\u00bb0&#8243; global_colors_info=\u00bb{}\u00bb sticky_enabled=\u00bb0&#8243;]<\/p>\n<p><span style=\"color: #333333;\">Recuerda que solamente podr\u00e1s participar en el sorteo si eres <strong>mayor de edad y residente en Espa\u00f1a<\/strong>.\u00a0<\/span><\/p>\n<p><span style=\"color: #333333;\">La promoci\u00f3n es v\u00e1lida del <strong>1 de noviembre de 2025 al 30 de noviembre de 2025<\/strong>. El sorteo de las batidoras Minipimer se realizar\u00e1 en los 15 d\u00edas posteriores al fin de la promoci\u00f3n.<\/span><\/p>\n<p>[\/et_pb_text][et_pb_text _builder_version=\u00bb4.27.4&#8243; _module_preset=\u00bbdefault\u00bb custom_margin=\u00bb-10px||||false|false\u00bb custom_margin_tablet=\u00bb-10px||||false|false\u00bb custom_margin_phone=\u00bb-15px||||false|false\u00bb custom_margin_last_edited=\u00bbon|phone\u00bb custom_padding=\u00bb0px||||false|false\u00bb custom_padding_tablet=\u00bb0px||||false|false\u00bb custom_padding_phone=\u00bb0px||||false|false\u00bb custom_padding_last_edited=\u00bbon|phone\u00bb global_colors_info=\u00bb{}\u00bb]<\/p>\n\n<p>[\/et_pb_text][\/et_pb_column][\/et_pb_row][\/et_pb_section]<\/p>\n","protected":false},"excerpt":{"rendered":"<p>Recuerda que solamente podr\u00e1s participar en el sorteo si eres mayor de edad y residente en Espa\u00f1a.\u00a0 La promoci\u00f3n es v\u00e1lida del 1 de noviembre de 2025 al 30 de noviembre de 2025. El sorteo de las batidoras Minipimer se realizar\u00e1 en los 15 d\u00edas posteriores al fin de la promoci\u00f3n.<\/p>\n","protected":false},"author":1,"featured_media":0,"parent":0,"menu_order":0,"comment_status":"closed","ping_status":"closed","template":"","meta":{"_et_pb_use_builder":"on","_et_pb_old_content":"","_et_gb_content_width":"","footnotes":""},"class_list":["post-4198","page","type-page","status-publish","hentry"],"_links":{"self":[{"href":"https:\/\/comunicacionesbraun.net\/promociones\/wp-json\/wp\/v2\/pages\/4198","targetHints":{"allow":["GET"]}}],"collection":[{"href":"https:\/\/comunicacionesbraun.net\/promociones\/wp-json\/wp\/v2\/pages"}],"about":[{"href":"https:\/\/comunicacionesbraun.net\/promociones\/wp-json\/wp\/v2\/types\/page"}],"author":[{"embeddable":true,"href":"https:\/\/comunicacionesbraun.net\/promociones\/wp-json\/wp\/v2\/users\/1"}],"replies":[{"embeddable":true,"href":"https:\/\/comunicacionesbraun.net\/promociones\/wp-json\/wp\/v2\/comments?post=4198"}],"version-history":[{"count":15,"href":"https:\/\/comunicacionesbraun.net\/promociones\/wp-json\/wp\/v2\/pages\/4198\/revisions"}],"predecessor-version":[{"id":4434,"href":"https:\/\/comunicacionesbraun.net\/promociones\/wp-json\/wp\/v2\/pages\/4198\/revisions\/4434"}],"wp:attachment":[{"href":"https:\/\/comunicacionesbraun.net\/promociones\/wp-json\/wp\/v2\/media?parent=4198"}],"curies":[{"name":"wp","href":"https:\/\/api.w.org\/{rel}","templated":true}]}}