{"id":4202,"date":"2024-11-21T17:23:20","date_gmt":"2024-11-21T15:23:20","guid":{"rendered":"https:\/\/comunicacionesbraun.net\/promociones\/?page_id=4202"},"modified":"2024-12-23T13:45:42","modified_gmt":"2024-12-23T11:45:42","slug":"minipimer-lunchbox","status":"publish","type":"page","link":"https:\/\/comunicacionesbraun.net\/promociones\/minipimer-lunchbox\/","title":{"rendered":"Promoci\u00f3n Minipimer regalo LUNCHBOX IRIS"},"content":{"rendered":"<p>[et_pb_section fb_built=\u00bb1&#8243; _builder_version=\u00bb4.22.1&#8243; _module_preset=\u00bbdefault\u00bb custom_margin=\u00bb-50px||||false|false\u00bb global_colors_info=\u00bb{}\u00bb][et_pb_row custom_padding_last_edited=\u00bbon|phone\u00bb _builder_version=\u00bb4.22.1&#8243; _module_preset=\u00bbdefault\u00bb width_tablet=\u00bb\u00bb width_phone=\u00bb100%\u00bb width_last_edited=\u00bbon|phone\u00bb custom_margin_tablet=\u00bb\u00bb custom_margin_phone=\u00bb\u00bb custom_margin_last_edited=\u00bbon|phone\u00bb custom_padding_tablet=\u00bb\u00bb custom_padding_phone=\u00bb0px||||false|false\u00bb global_colors_info=\u00bb{}\u00bb][et_pb_column type=\u00bb4_4&#8243; _builder_version=\u00bb4.22.1&#8243; _module_preset=\u00bbdefault\u00bb global_colors_info=\u00bb{}\u00bb][et_pb_image src=\u00bbhttps:\/\/comunicacionesbraun.net\/promociones\/wp-content\/uploads\/HEADER_PROMO_MINIPIMER-LUCHBOX-IRIS_CRF-ALCAMPO.jpg\u00bb title_text=\u00bbHEADER_PROMO_MINIPIMER-LUCHBOX-IRIS_CRF-ALCAMPO\u00bb _builder_version=\u00bb4.22.1&#8243; _module_preset=\u00bbdefault\u00bb global_colors_info=\u00bb{}\u00bb][\/et_pb_image][et_pb_text _builder_version=\u00bb4.22.1&#8243; _module_preset=\u00bbdefault\u00bb text_text_color=\u00bb#000000&#8243; text_font_size=\u00bb16px\u00bb header_4_text_color=\u00bb#000000&#8243; header_4_font_size=\u00bb20px\u00bb custom_padding=\u00bb|15px||20px|false|false\u00bb hover_enabled=\u00bb0&#8243; global_colors_info=\u00bb{}\u00bb sticky_enabled=\u00bb0&#8243;]<\/p>\n<h4><span><strong>Ll\u00e9vate de regalo un Lunchbox de IRIS Barcelona por la compra de una Braun Minipimer 5, 7 o 9.<\/strong><\/span><\/h4>\n<p><span>Rellena el formulario y recibir\u00e1s uno.<\/span><\/p>\n<p>La promoci\u00f3n es v\u00e1lida del <strong>1 de diciembre de 2024 al 28 de febrero de 2025 <\/strong>exclusiva para las compras en Carrefour y Alcampo.<\/p>\n<p>[\/et_pb_text][et_pb_text _builder_version=\u00bb4.22.1&#8243; _module_preset=\u00bbdefault\u00bb custom_padding=\u00bb|15px||20px|false|false\u00bb global_colors_info=\u00bb{}\u00bb]<\/p>\n\n<p>[\/et_pb_text][\/et_pb_column][\/et_pb_row][\/et_pb_section]<\/p>\n","protected":false},"excerpt":{"rendered":"<p>Ll\u00e9vate de regalo un Lunchbox de IRIS Barcelona por la compra de una Braun Minipimer 5, 7 o 9. Rellena el formulario y recibir\u00e1s uno. La promoci\u00f3n es v\u00e1lida del 1 de diciembre de 2024 al 28 de febrero de 2025 exclusiva para las compras en Carrefour y Alcampo.<\/p>\n","protected":false},"author":1,"featured_media":0,"parent":0,"menu_order":0,"comment_status":"closed","ping_status":"closed","template":"","meta":{"_et_pb_use_builder":"on","_et_pb_old_content":"","_et_gb_content_width":"","footnotes":""},"class_list":["post-4202","page","type-page","status-publish","hentry"],"_links":{"self":[{"href":"https:\/\/comunicacionesbraun.net\/promociones\/wp-json\/wp\/v2\/pages\/4202","targetHints":{"allow":["GET"]}}],"collection":[{"href":"https:\/\/comunicacionesbraun.net\/promociones\/wp-json\/wp\/v2\/pages"}],"about":[{"href":"https:\/\/comunicacionesbraun.net\/promociones\/wp-json\/wp\/v2\/types\/page"}],"author":[{"embeddable":true,"href":"https:\/\/comunicacionesbraun.net\/promociones\/wp-json\/wp\/v2\/users\/1"}],"replies":[{"embeddable":true,"href":"https:\/\/comunicacionesbraun.net\/promociones\/wp-json\/wp\/v2\/comments?post=4202"}],"version-history":[{"count":5,"href":"https:\/\/comunicacionesbraun.net\/promociones\/wp-json\/wp\/v2\/pages\/4202\/revisions"}],"predecessor-version":[{"id":4292,"href":"https:\/\/comunicacionesbraun.net\/promociones\/wp-json\/wp\/v2\/pages\/4202\/revisions\/4292"}],"wp:attachment":[{"href":"https:\/\/comunicacionesbraun.net\/promociones\/wp-json\/wp\/v2\/media?parent=4202"}],"curies":[{"name":"wp","href":"https:\/\/api.w.org\/{rel}","templated":true}]}}