{"id":4436,"date":"2025-11-04T12:41:16","date_gmt":"2025-11-04T10:41:16","guid":{"rendered":"https:\/\/comunicacionesbraun.net\/promociones\/?page_id=4436"},"modified":"2025-11-04T12:42:06","modified_gmt":"2025-11-04T10:42:06","slug":"confirmacion-registro-sorteo-gran-debate","status":"publish","type":"page","link":"https:\/\/comunicacionesbraun.net\/promociones\/confirmacion-registro-sorteo-gran-debate\/","title":{"rendered":"Confirmaci\u00f3n registro Sorteo Gran Debate"},"content":{"rendered":"<p>[et_pb_section fb_built=\u00bb1&#8243; custom_padding_last_edited=\u00bbon|phone\u00bb _builder_version=\u00bb4.27.4&#8243; _module_preset=\u00bbdefault\u00bb custom_margin=\u00bb-50px||||false|false\u00bb custom_margin_tablet=\u00bb-50px||||false|false\u00bb custom_margin_phone=\u00bb-50px||0px||false|false\u00bb custom_margin_last_edited=\u00bbon|phone\u00bb custom_padding_tablet=\u00bb\u00bb custom_padding_phone=\u00bb||0px||false|false\u00bb global_colors_info=\u00bb{}\u00bb theme_builder_area=\u00bbpost_content\u00bb][et_pb_row custom_padding_last_edited=\u00bbon|phone\u00bb _builder_version=\u00bb4.27.4&#8243; _module_preset=\u00bbdefault\u00bb width=\u00bb100%\u00bb width_tablet=\u00bb100%\u00bb width_phone=\u00bb100%\u00bb width_last_edited=\u00bbon|phone\u00bb custom_margin=\u00bb||||false|false\u00bb custom_padding=\u00bb3px||||false|false\u00bb custom_padding_tablet=\u00bb3px||||false|false\u00bb custom_padding_phone=\u00bb0px||||false|false\u00bb global_colors_info=\u00bb{}\u00bb theme_builder_area=\u00bbpost_content\u00bb][et_pb_column type=\u00bb4_4&#8243; _builder_version=\u00bb4.22.1&#8243; _module_preset=\u00bbdefault\u00bb global_colors_info=\u00bb{}\u00bb theme_builder_area=\u00bbpost_content\u00bb][et_pb_image src=\u00bbhttps:\/\/comunicacionesbraun.net\/promociones\/wp-content\/uploads\/01_HEADER_FORMULARIO_GRAN-DEBATE-REAL.jpg\u00bb title_text=\u00bb01_HEADER_FORMULARIO_GRAN-DEBATE-REAL\u00bb _builder_version=\u00bb4.27.4&#8243; _module_preset=\u00bbdefault\u00bb global_colors_info=\u00bb{}\u00bb theme_builder_area=\u00bbpost_content\u00bb][\/et_pb_image][\/et_pb_column][\/et_pb_row][et_pb_row _builder_version=\u00bb4.27.4&#8243; _module_preset=\u00bbdefault\u00bb width_tablet=\u00bb\u00bb width_phone=\u00bb85%\u00bb width_last_edited=\u00bbon|phone\u00bb max_width_tablet=\u00bb\u00bb max_width_phone=\u00bb\u00bb max_width_last_edited=\u00bbon|phone\u00bb custom_margin=\u00bb||||false|false\u00bb custom_padding=\u00bb3px||||false|false\u00bb global_colors_info=\u00bb{}\u00bb theme_builder_area=\u00bbpost_content\u00bb][et_pb_column type=\u00bb4_4&#8243; _builder_version=\u00bb4.22.1&#8243; _module_preset=\u00bbdefault\u00bb global_colors_info=\u00bb{}\u00bb theme_builder_area=\u00bbpost_content\u00bb][et_pb_text _builder_version=\u00bb4.27.4&#8243; _module_preset=\u00bbdefault\u00bb text_font_size=\u00bb16px\u00bb custom_margin=\u00bb||14px|||\u00bb hover_enabled=\u00bb0&#8243; global_colors_info=\u00bb{}\u00bb theme_builder_area=\u00bbpost_content\u00bb sticky_enabled=\u00bb0&#8243; header_4_font_size=\u00bb20px\u00bb header_4_line_height=\u00bb1.4em\u00bb link_text_color=\u00bb#0cb2d3&#8243; link_font=\u00bb||||on||||\u00bb]<\/p>\n<h4 style=\"text-align: center;\">\u00a1Gracias por participar en el Gran deBATE de Navidad Braun!<br \/>\nEl sorteo de las batidoras Minipimer se realizar\u00e1 en los 15 d\u00edas posteriores al fin de la promoci\u00f3n.<\/h4>\n<p><\/p>\n<h4 style=\"text-align: center;\">Si resultas ser ganador\/a nos pondremos en contacto contigo.<\/h4>\n<p><\/p>\n<h4 style=\"text-align: center;\">\u00bfA\u00fan no nos sigues en nuestro perfil de Instagram? <a href=\"https:\/\/www.instagram.com\/braunhouseholdes\/\"><br \/>S\u00edguenos aqu\u00ed<\/a>\u00a0para estar al d\u00eda de todas nuestras novedades y recetas.<\/h4>\n<p>[\/et_pb_text][\/et_pb_column][\/et_pb_row][\/et_pb_section]<\/p>\n","protected":false},"excerpt":{"rendered":"<p>\u00a1Gracias por participar en el Gran deBATE de Navidad Braun! El sorteo de las batidoras Minipimer se realizar\u00e1 en los 15 d\u00edas posteriores al fin de la promoci\u00f3n. Si resultas ser ganador\/a nos pondremos en contacto contigo. \u00bfA\u00fan no nos sigues en nuestro perfil de Instagram? S\u00edguenos aqu\u00ed\u00a0para estar al d\u00eda de todas nuestras novedades [&hellip;]<\/p>\n","protected":false},"author":1,"featured_media":0,"parent":0,"menu_order":0,"comment_status":"closed","ping_status":"closed","template":"","meta":{"_et_pb_use_builder":"on","_et_pb_old_content":"","_et_gb_content_width":"","footnotes":""},"class_list":["post-4436","page","type-page","status-publish","hentry"],"_links":{"self":[{"href":"https:\/\/comunicacionesbraun.net\/promociones\/wp-json\/wp\/v2\/pages\/4436","targetHints":{"allow":["GET"]}}],"collection":[{"href":"https:\/\/comunicacionesbraun.net\/promociones\/wp-json\/wp\/v2\/pages"}],"about":[{"href":"https:\/\/comunicacionesbraun.net\/promociones\/wp-json\/wp\/v2\/types\/page"}],"author":[{"embeddable":true,"href":"https:\/\/comunicacionesbraun.net\/promociones\/wp-json\/wp\/v2\/users\/1"}],"replies":[{"embeddable":true,"href":"https:\/\/comunicacionesbraun.net\/promociones\/wp-json\/wp\/v2\/comments?post=4436"}],"version-history":[{"count":3,"href":"https:\/\/comunicacionesbraun.net\/promociones\/wp-json\/wp\/v2\/pages\/4436\/revisions"}],"predecessor-version":[{"id":4439,"href":"https:\/\/comunicacionesbraun.net\/promociones\/wp-json\/wp\/v2\/pages\/4436\/revisions\/4439"}],"wp:attachment":[{"href":"https:\/\/comunicacionesbraun.net\/promociones\/wp-json\/wp\/v2\/media?parent=4436"}],"curies":[{"name":"wp","href":"https:\/\/api.w.org\/{rel}","templated":true}]}}