{"id":4486,"date":"2026-03-17T15:41:13","date_gmt":"2026-03-17T13:41:13","guid":{"rendered":"https:\/\/comunicacionesbraun.net\/promociones\/?page_id=4486"},"modified":"2026-04-20T17:00:44","modified_gmt":"2026-04-20T15:00:44","slug":"disenado-para-durar-5-anos-garantia","status":"publish","type":"page","link":"https:\/\/comunicacionesbraun.net\/promociones\/disenado-para-durar-5-anos-garantia\/","title":{"rendered":"Landing Dise\u00f1ado para durar (5 a\u00f1os garant\u00eda)"},"content":{"rendered":"<p>[et_pb_section fb_built=\u00bb1&#8243; _builder_version=\u00bb4.27.6&#8243; _module_preset=\u00bbdefault\u00bb background_color=\u00bb#000000&#8243; custom_margin=\u00bb0px||0px||false|false\u00bb custom_padding=\u00bb7px||7px||false|false\u00bb global_colors_info=\u00bb{}\u00bb][et_pb_row _builder_version=\u00bb4.27.6&#8243; _module_preset=\u00bbdefault\u00bb width=\u00bb100%\u00bb max_width=\u00bb1381px\u00bb custom_margin=\u00bb0px||0px||false|false\u00bb custom_padding=\u00bb0px||0px||false|false\u00bb global_colors_info=\u00bb{}\u00bb][et_pb_column type=\u00bb4_4&#8243; _builder_version=\u00bb4.27.6&#8243; _module_preset=\u00bbdefault\u00bb global_colors_info=\u00bb{}\u00bb][et_pb_image src=\u00bbhttps:\/\/comunicacionesbraun.net\/promociones\/wp-content\/uploads\/Braun_logo_black.png\u00bb title_text=\u00bbBraun_logo_black\u00bb _builder_version=\u00bb4.27.6&#8243; _module_preset=\u00bbdefault\u00bb width=\u00bb5%\u00bb module_alignment=\u00bbleft\u00bb custom_margin=\u00bb0px||0px||false|false\u00bb custom_padding=\u00bb0px||0px||false|false\u00bb global_colors_info=\u00bb{}\u00bb][\/et_pb_image][\/et_pb_column][\/et_pb_row][\/et_pb_section][et_pb_section fb_built=\u00bb1&#8243; _builder_version=\u00bb4.27.6&#8243; _module_preset=\u00bbdefault\u00bb background_image=\u00bbhttps:\/\/comunicacionesbraun.net\/promociones\/wp-content\/uploads\/5-ANOS-GARANTIA_PLP-BANNER-DESKTOP_1400x335px.jpg\u00bb custom_padding=\u00bb160px||160px||false|false\u00bb global_colors_info=\u00bb{}\u00bb][et_pb_row _builder_version=\u00bb4.27.6&#8243; _module_preset=\u00bbdefault\u00bb global_colors_info=\u00bb{}\u00bb][et_pb_column type=\u00bb4_4&#8243; _builder_version=\u00bb4.27.6&#8243; _module_preset=\u00bbdefault\u00bb global_colors_info=\u00bb{}\u00bb][et_pb_heading title=\u00bbDise\u00f1ado para durar\u00bb _builder_version=\u00bb4.27.6&#8243; _module_preset=\u00bbdefault\u00bb title_font=\u00bb||||||||\u00bb title_text_align=\u00bbleft\u00bb title_font_size=\u00bb39px\u00bb custom_margin=\u00bb-120px||||false|false\u00bb custom_padding=\u00bb0px||||false|false\u00bb global_colors_info=\u00bb{}\u00bb][\/et_pb_heading][\/et_pb_column][\/et_pb_row][\/et_pb_section][et_pb_section fb_built=\u00bb1&#8243; _builder_version=\u00bb4.27.6&#8243; _module_preset=\u00bbdefault\u00bb global_colors_info=\u00bb{}\u00bb][et_pb_row column_structure=\u00bb2_3,1_3&#8243; use_custom_gutter=\u00bbon\u00bb gutter_width=\u00bb1&#8243; make_equal=\u00bbon\u00bb _builder_version=\u00bb4.27.6&#8243; _module_preset=\u00bbdefault\u00bb width=\u00bb100%\u00bb max_width=\u00bb2560px\u00bb global_colors_info=\u00bb{}\u00bb][et_pb_column type=\u00bb2_3&#8243; _builder_version=\u00bb4.27.6&#8243; _module_preset=\u00bbdefault\u00bb global_colors_info=\u00bb{}\u00bb][et_pb_image src=\u00bbhttps:\/\/comunicacionesbraun.net\/promociones\/wp-content\/uploads\/TexStyle9-landing-ok.jpg\u00bb title_text=\u00bbTexStyle9-landing-ok\u00bb _builder_version=\u00bb4.27.6&#8243; _module_preset=\u00bbdefault\u00bb global_colors_info=\u00bb{}\u00bb][\/et_pb_image][\/et_pb_column][et_pb_column type=\u00bb1_3&#8243; _builder_version=\u00bb4.27.6&#8243; _module_preset=\u00bbdefault\u00bb global_colors_info=\u00bb{}\u00bb][et_pb_text _builder_version=\u00bb4.27.6&#8243; _module_preset=\u00bbdefault\u00bb text_text_color=\u00bb#000000&#8243; text_font_size=\u00bb18px\u00bb header_3_text_color=\u00bb#000000&#8243; header_3_font_size=\u00bb27px\u00bb header_3_line_height=\u00bb1.1em\u00bb custom_margin=\u00bb100px|25px||-20px|false|false\u00bb global_colors_info=\u00bb{}\u00bb]<\/p>\n<h3><span>5 a\u00f1os de garant\u00eda<\/span><\/h3>\n<p><span><\/span><\/p>\n<p><span>En Braun confiamos en la durabilidad de nuestros productos. Por eso, te ofrecemos gratuitamente una garant\u00eda de 5 a\u00f1os en todas las planchas de vapor y centros de planchado de las series 5, 7 y 9. As\u00ed te demostramos la calidad y el rendimiento \u00f3ptimo de nuestros productos.<\/span><\/p>\n<p>[\/et_pb_text][\/et_pb_column][\/et_pb_row][\/et_pb_section][et_pb_section fb_built=\u00bb1&#8243; _builder_version=\u00bb4.27.6&#8243; _module_preset=\u00bbdefault\u00bb background_color=\u00bb#f7f8fa\u00bb global_colors_info=\u00bb{}\u00bb][et_pb_row _builder_version=\u00bb4.27.6&#8243; _module_preset=\u00bbdefault\u00bb global_colors_info=\u00bb{}\u00bb][et_pb_column type=\u00bb4_4&#8243; _builder_version=\u00bb4.27.6&#8243; _module_preset=\u00bbdefault\u00bb global_colors_info=\u00bb{}\u00bb][et_pb_text _builder_version=\u00bb4.27.6&#8243; _module_preset=\u00bbdefault\u00bb text_text_color=\u00bb#000000&#8243; text_font_size=\u00bb18px\u00bb header_3_text_color=\u00bb#000000&#8243; header_3_font_size=\u00bb27px\u00bb header_3_line_height=\u00bb1.1em\u00bb text_orientation=\u00bbcenter\u00bb module_alignment=\u00bbcenter\u00bb custom_margin=\u00bb||||false|false\u00bb global_colors_info=\u00bb{}\u00bb]<\/p>\n<h3><span>Productos de la promoci\u00f3n<\/span><\/h3>\n<p>[\/et_pb_text][\/et_pb_column][\/et_pb_row][et_pb_row column_structure=\u00bb1_4,1_4,1_4,1_4&#8243; use_custom_gutter=\u00bbon\u00bb gutter_width=\u00bb2&#8243; _builder_version=\u00bb4.27.6&#8243; _module_preset=\u00bbdefault\u00bb width=\u00bb65%\u00bb max_width=\u00bb2560px\u00bb custom_margin=\u00bb||||false|false\u00bb global_colors_info=\u00bb{}\u00bb][et_pb_column type=\u00bb1_4&#8243; _builder_version=\u00bb4.27.6&#8243; _module_preset=\u00bbdefault\u00bb global_colors_info=\u00bb{}\u00bb][et_pb_image src=\u00bbhttps:\/\/comunicacionesbraun.net\/promociones\/wp-content\/uploads\/texstyle-9.png\u00bb title_text=\u00bbtexstyle-9&#8243; _builder_version=\u00bb4.27.6&#8243; _module_preset=\u00bbdefault\u00bb global_colors_info=\u00bb{}\u00bb][\/et_pb_image][\/et_pb_column][et_pb_column type=\u00bb1_4&#8243; _builder_version=\u00bb4.27.6&#8243; _module_preset=\u00bbdefault\u00bb background_color=\u00bb#000000&#8243; global_colors_info=\u00bb{}\u00bb][et_pb_text _builder_version=\u00bb4.27.6&#8243; _module_preset=\u00bbdefault\u00bb header_text_align=\u00bbleft\u00bb header_3_font=\u00bb|600|||||||\u00bb header_3_text_align=\u00bbcenter\u00bb header_3_text_color=\u00bb#FFFFFF\u00bb width=\u00bb100%\u00bb max_width=\u00bb100%\u00bb module_alignment=\u00bbcenter\u00bb custom_padding=\u00bb100px||50px||false|false\u00bb global_colors_info=\u00bb{}\u00bb]<\/p>\n<h3>Planchas de vapor<\/h3>\n<p>[\/et_pb_text][et_pb_button button_url=\u00bbhttps:\/\/www.braunhousehold.com\/es-es\/c\/promotions\/promotions-es\/5-anos-de-garantia\/planchas-de-vapor\u00bb button_text=\u00bbSaber m\u00e1s \u00bb button_alignment=\u00bbcenter\u00bb _builder_version=\u00bb4.27.6&#8243; _module_preset=\u00bbdefault\u00bb custom_button=\u00bbon\u00bb button_text_color=\u00bb#FFFFFF\u00bb button_bg_color=\u00bbRGBA(255,255,255,0)\u00bb button_border_width=\u00bb0px\u00bb button_border_color=\u00bbRGBA(255,255,255,0)\u00bb button_border_radius=\u00bb0px\u00bb button_font=\u00bb|600|||||||\u00bb button_on_hover=\u00bboff\u00bb background_layout=\u00bbdark\u00bb custom_padding=\u00bb||100px||false|false\u00bb global_colors_info=\u00bb{}\u00bb][\/et_pb_button][\/et_pb_column][et_pb_column type=\u00bb1_4&#8243; _builder_version=\u00bb4.27.6&#8243; _module_preset=\u00bbdefault\u00bb global_colors_info=\u00bb{}\u00bb][et_pb_image src=\u00bbhttps:\/\/comunicacionesbraun.net\/promociones\/wp-content\/uploads\/CareStyle_9.png\u00bb title_text=\u00bbCareStyle_9&#8243; _builder_version=\u00bb4.27.6&#8243; _module_preset=\u00bbdefault\u00bb custom_margin=\u00bb||||false|false\u00bb custom_padding=\u00bb||||false|false\u00bb global_colors_info=\u00bb{}\u00bb][\/et_pb_image][\/et_pb_column][et_pb_column type=\u00bb1_4&#8243; _builder_version=\u00bb4.27.6&#8243; _module_preset=\u00bbdefault\u00bb background_color=\u00bb#000000&#8243; custom_padding=\u00bb||||false|false\u00bb global_colors_info=\u00bb{}\u00bb][et_pb_text _builder_version=\u00bb4.27.6&#8243; _module_preset=\u00bbdefault\u00bb header_text_align=\u00bbleft\u00bb header_3_font=\u00bb|600|||||||\u00bb header_3_text_align=\u00bbcenter\u00bb header_3_text_color=\u00bb#FFFFFF\u00bb width=\u00bb100%\u00bb max_width=\u00bb100%\u00bb module_alignment=\u00bbcenter\u00bb custom_padding=\u00bb100px||50px||false|false\u00bb global_colors_info=\u00bb{}\u00bb]<\/p>\n<h3>Centros de planchado<\/h3>\n<p>[\/et_pb_text][et_pb_button button_url=\u00bbhttps:\/\/www.braunhousehold.com\/es-es\/c\/promotions\/promotions-es\/5-anos-de-garantia\/centros-de-planchado\u00bb button_text=\u00bbSaber m\u00e1s  \u00bb button_alignment=\u00bbcenter\u00bb _builder_version=\u00bb4.27.6&#8243; _module_preset=\u00bbdefault\u00bb custom_button=\u00bbon\u00bb button_text_color=\u00bb#FFFFFF\u00bb button_bg_color=\u00bbRGBA(255,255,255,0)\u00bb button_border_width=\u00bb0px\u00bb button_border_color=\u00bbRGBA(255,255,255,0)\u00bb button_border_radius=\u00bb0px\u00bb button_font=\u00bb|600|||||||\u00bb button_on_hover=\u00bboff\u00bb background_layout=\u00bbdark\u00bb custom_padding=\u00bb||100px||false|false\u00bb global_colors_info=\u00bb{}\u00bb][\/et_pb_button][\/et_pb_column][\/et_pb_row][\/et_pb_section][et_pb_section fb_built=\u00bb1&#8243; _builder_version=\u00bb4.27.6&#8243; _module_preset=\u00bbdefault\u00bb custom_padding=\u00bb||0px||false|false\u00bb global_colors_info=\u00bb{}\u00bb][et_pb_row _builder_version=\u00bb4.27.6&#8243; _module_preset=\u00bbdefault\u00bb global_colors_info=\u00bb{}\u00bb][et_pb_column type=\u00bb4_4&#8243; _builder_version=\u00bb4.27.6&#8243; _module_preset=\u00bbdefault\u00bb global_colors_info=\u00bb{}\u00bb][et_pb_text _builder_version=\u00bb4.27.6&#8243; _module_preset=\u00bbdefault\u00bb text_text_color=\u00bb#000000&#8243; text_font_size=\u00bb18px\u00bb header_3_text_color=\u00bb#000000&#8243; header_3_font_size=\u00bb27px\u00bb header_3_line_height=\u00bb1.1em\u00bb custom_margin=\u00bb||||false|false\u00bb global_colors_info=\u00bb{}\u00bb]<\/p>\n<h3 class=\"chakra-text css-15x1x83\" style=\"text-align: center;\"><strong>\u00bfC\u00f3mo obtener la garant\u00eda de 5 a\u00f1os?<\/strong><\/h3>\n<p><strong><\/strong><\/p>\n<div class=\"editorial--html-block css-1l5azg4\">\n<p style=\"text-align: center;\">1- Del 15\/03\/2026 al 31\/12\/2026 compra una plancha de vapor, centro de planchado de las series 5, 7 o 9.<\/p>\n<p style=\"text-align: center;\">2- Registra el producto en la web de Braun.<\/p>\n<p style=\"text-align: center;\">3- Inicia sesi\u00f3n, si ya tienes un usuario en nuestra tienda online, o sigue los pasos para crear una nueva cuenta. A continuaci\u00f3n, selecciona el producto que compraste y sigue los pasos.<\/p>\n<p style=\"text-align: center;\">4- Recibir\u00e1s autom\u00e1ticamente un correo electr\u00f3nico de confirmaci\u00f3n de tu registro del producto y aproximadamente 3 horas m\u00e1s tarde tambi\u00e9n la confirmaci\u00f3n del certificado de garant\u00eda adicional.<\/p>\n<p style=\"text-align: center;\">5- \u00bfNo recibiste la confirmaci\u00f3n? Por favor, revisa tu carpeta de correo no deseado.<\/p>\n<\/div>\n<p>[\/et_pb_text][\/et_pb_column][\/et_pb_row][et_pb_row column_structure=\u00bb1_4,1_4,1_4,1_4&#8243; _builder_version=\u00bb4.27.6&#8243; _module_preset=\u00bbdefault\u00bb global_colors_info=\u00bb{}\u00bb][et_pb_column type=\u00bb1_4&#8243; _builder_version=\u00bb4.27.6&#8243; _module_preset=\u00bbdefault\u00bb global_colors_info=\u00bb{}\u00bb][\/et_pb_column][et_pb_column type=\u00bb1_4&#8243; _builder_version=\u00bb4.27.6&#8243; _module_preset=\u00bbdefault\u00bb global_colors_info=\u00bb{}\u00bb][et_pb_button button_url=\u00bbhttps:\/\/www.braunhousehold.com\/es-es\/login\u00bb button_text=\u00bbReg\u00edstrate aqu\u00ed\u00bb _builder_version=\u00bb4.27.6&#8243; _module_preset=\u00bbdefault\u00bb custom_button=\u00bbon\u00bb button_text_size=\u00bb18px\u00bb button_text_color=\u00bb#FFFFFF\u00bb button_bg_color=\u00bb#000000&#8243; button_border_width=\u00bb0px\u00bb button_border_color=\u00bb#000000&#8243; button_border_radius=\u00bb0px\u00bb global_colors_info=\u00bb{}\u00bb][\/et_pb_button][\/et_pb_column][et_pb_column type=\u00bb1_4&#8243; _builder_version=\u00bb4.27.6&#8243; _module_preset=\u00bbdefault\u00bb global_colors_info=\u00bb{}\u00bb][et_pb_button button_url=\u00bbhttps:\/\/comunicacionesbraun.net\/promociones\/wp-content\/uploads\/260417-BASES-DE-LA-PROMOCION-BRAUN-AMPLIACION-GARANTIA-PLANCHAS-Y-CENTRO-PLANCHADO-2026-BASES-AMPLIACION-MINIPIMERS-2026.pdf\u00bb button_text=\u00bbVer bases legales\u00bb _builder_version=\u00bb4.27.6&#8243; _module_preset=\u00bbdefault\u00bb custom_button=\u00bbon\u00bb button_text_size=\u00bb18px\u00bb button_text_color=\u00bb#FFFFFF\u00bb button_bg_color=\u00bb#000000&#8243; button_border_width=\u00bb0px\u00bb button_border_color=\u00bb#000000&#8243; button_border_radius=\u00bb0px\u00bb hover_enabled=\u00bb0&#8243; global_colors_info=\u00bb{}\u00bb sticky_enabled=\u00bb0&#8243;][\/et_pb_button][\/et_pb_column][et_pb_column type=\u00bb1_4&#8243; _builder_version=\u00bb4.27.6&#8243; _module_preset=\u00bbdefault\u00bb global_colors_info=\u00bb{}\u00bb][\/et_pb_column][\/et_pb_row][et_pb_row _builder_version=\u00bb4.27.6&#8243; _module_preset=\u00bbdefault\u00bb custom_margin=\u00bb35px||||false|false\u00bb global_colors_info=\u00bb{}\u00bb][et_pb_column type=\u00bb4_4&#8243; _builder_version=\u00bb4.27.6&#8243; _module_preset=\u00bbdefault\u00bb global_colors_info=\u00bb{}\u00bb][et_pb_text _builder_version=\u00bb4.27.6&#8243; _module_preset=\u00bbdefault\u00bb header_3_text_color=\u00bb#000000&#8243; header_3_font_size=\u00bb28px\u00bb global_colors_info=\u00bb{}\u00bb]<\/p>\n<h3 style=\"text-align: center;\"><strong>Preguntas frecuentes<\/strong><\/h3>\n<p>[\/et_pb_text][\/et_pb_column][\/et_pb_row][\/et_pb_section][et_pb_section fb_built=\u00bb1&#8243; _builder_version=\u00bb4.27.6&#8243; _module_preset=\u00bbdefault\u00bb background_color=\u00bb#f7f8fa\u00bb custom_padding=\u00bb0px||||false|false\u00bb global_colors_info=\u00bb{}\u00bb][et_pb_row _builder_version=\u00bb4.27.6&#8243; _module_preset=\u00bbdefault\u00bb global_colors_info=\u00bb{}\u00bb][et_pb_column type=\u00bb4_4&#8243; _builder_version=\u00bb4.27.6&#8243; _module_preset=\u00bbdefault\u00bb global_colors_info=\u00bb{}\u00bb][et_pb_toggle title=\u00bb\u00bfQu\u00e9 modelos entran dentro de la promoci\u00f3n?\u00bb open_toggle_text_color=\u00bb#000000&#8243; open_toggle_background_color=\u00bbRGBA(255,255,255,0)\u00bb closed_toggle_text_color=\u00bb#000000&#8243; closed_toggle_background_color=\u00bbRGBA(255,255,255,0)\u00bb icon_color=\u00bb#000000&#8243; use_icon_font_size=\u00bbon\u00bb icon_font_size=\u00bb30px\u00bb open_icon_color=\u00bb#000000&#8243; _builder_version=\u00bb4.27.6&#8243; _module_preset=\u00bbdefault\u00bb title_text_color=\u00bb#000000&#8243; title_font=\u00bb|600|||||||\u00bb title_font_size=\u00bb24px\u00bb body_text_color=\u00bb#000000&#8243; body_font_size=\u00bb16px\u00bb border_width_top=\u00bb0px\u00bb border_width_right=\u00bb0px\u00bb border_width_left=\u00bb0px\u00bb global_colors_info=\u00bb{}\u00bb]<\/p>\n<p><span>Entran dentro de la promoci\u00f3n:<\/span><\/p>\n<p><span>-Los modelos de la gama de planchas de vapor Textyle y FreeStyle 5, 7 y 9: SI9661VI, SI9682DB, SI7181VI, SI7160BL, SI7149WB, SI5088BK, SI5057RD, SI5078GY, SI5256BL, SI5277GR, SI5006BL, FI7215VI, FI7255GR y FI7276BK.<\/span><\/p>\n<p><span>-Los modelos de la gama de centros de planchado CareStyle 5, 7 y 9: IS9090BK, IS7286BK, IS7266VI, IS5245BL y IS5249BK.<\/span><\/p>\n<p>[\/et_pb_toggle][et_pb_toggle title=\u00bb\u00bfQu\u00e9 tiendas quedan excluidas de la promoci\u00f3n?\u00bb open_toggle_text_color=\u00bb#000000&#8243; open_toggle_background_color=\u00bbRGBA(255,255,255,0)\u00bb closed_toggle_text_color=\u00bb#000000&#8243; closed_toggle_background_color=\u00bbRGBA(255,255,255,0)\u00bb icon_color=\u00bb#000000&#8243; use_icon_font_size=\u00bbon\u00bb icon_font_size=\u00bb30px\u00bb open_icon_color=\u00bb#000000&#8243; _builder_version=\u00bb4.27.6&#8243; _module_preset=\u00bbdefault\u00bb title_text_color=\u00bb#000000&#8243; title_font=\u00bb|600|||||||\u00bb title_font_size=\u00bb24px\u00bb body_text_color=\u00bb#000000&#8243; body_font_size=\u00bb16px\u00bb border_width_top=\u00bb0px\u00bb border_width_right=\u00bb0px\u00bb border_width_left=\u00bb0px\u00bb global_colors_info=\u00bb{}\u00bb]<\/p>\n<p><span>Quedan expresamente excluidos de la promoci\u00f3n los productos adquiridos en venta online excepto en las p\u00e1ginas web de tiendas f\u00edsicas situadas en territorio nacional espa\u00f1ol, siempre que se haga en la tienda virtual espa\u00f1ola de dicha tienda f\u00edsica, o la compra directa en la web de Braun en Espa\u00f1a. En concreto las compras de productos en empresas de exclusivamente venta on-line o en tiendas virtuales de otros pa\u00edses aunque sean de tiendas f\u00edsicas en Espa\u00f1a, no podr\u00e1n participar en la promoci\u00f3n. Tampoco podr\u00e1n participar las compras de productos en Market Place. Si ser\u00e1n v\u00e1lidas para participar en la promoci\u00f3n, las compras online realizadas a trav\u00e9s de la p\u00e1gina web de Amazon Espa\u00f1a, siempre que las compras se realicen en territorio espa\u00f1ol y solo ser\u00e1n v\u00e1lidas aquellas compras realizadas directamente a trav\u00e9s de Amazon mismo (vendido por Amazon en la cesta y no otros vendedores). Tambi\u00e9n ser\u00e1n v\u00e1lidas las compras realizadas en la p\u00e1gina web de Braun\u00a0<\/span><a href=\"https:\/\/www.braunhousehold.com\/es-es\">www.braunhousehold.com\/es-es<\/a><span>.<\/span><\/p>\n<p>[\/et_pb_toggle][et_pb_toggle title=\u00bb\u00bfCu\u00e1l es la vigencia la promoci\u00f3n?\u00bb open_toggle_text_color=\u00bb#000000&#8243; open_toggle_background_color=\u00bbRGBA(255,255,255,0)\u00bb closed_toggle_text_color=\u00bb#000000&#8243; closed_toggle_background_color=\u00bbRGBA(255,255,255,0)\u00bb icon_color=\u00bb#000000&#8243; use_icon_font_size=\u00bbon\u00bb icon_font_size=\u00bb30px\u00bb open_icon_color=\u00bb#000000&#8243; _builder_version=\u00bb4.27.6&#8243; _module_preset=\u00bbdefault\u00bb title_text_color=\u00bb#000000&#8243; title_font=\u00bb|600|||||||\u00bb title_font_size=\u00bb24px\u00bb body_text_color=\u00bb#000000&#8243; body_font_size=\u00bb16px\u00bb border_width_top=\u00bb0px\u00bb border_width_right=\u00bb0px\u00bb border_width_left=\u00bb0px\u00bb global_colors_info=\u00bb{}\u00bb]<\/p>\n<p><span>La Promoci\u00f3n de 5 a\u00f1os de garant\u00eda en \u00a0planchas de vapor y centros de planchado series 5, 7 y 9 ser\u00e1 v\u00e1lida para las compras de Productos comprendidas entre el 15 de marzo de 2026 y el 31 de diciembre de 2026, de conformidad con la fecha del correspondiente ticket de compra del Producto. El registro deber\u00e1 hacerse m\u00e1ximo 30 d\u00edas despu\u00e9s de la fecha de compra.<\/span><\/p>\n<p>[\/et_pb_toggle][\/et_pb_column][\/et_pb_row][\/et_pb_section]<\/p>\n","protected":false},"excerpt":{"rendered":"<p>5 a\u00f1os de garant\u00eda En Braun confiamos en la durabilidad de nuestros productos. Por eso, te ofrecemos gratuitamente una garant\u00eda de 5 a\u00f1os en todas las planchas de vapor y centros de planchado de las series 5, 7 y 9. As\u00ed te demostramos la calidad y el rendimiento \u00f3ptimo de nuestros productos.Productos de la promoci\u00f3nPlanchas [&hellip;]<\/p>\n","protected":false},"author":1,"featured_media":0,"parent":0,"menu_order":0,"comment_status":"closed","ping_status":"closed","template":"","meta":{"_et_pb_use_builder":"on","_et_pb_old_content":"","_et_gb_content_width":"","footnotes":""},"class_list":["post-4486","page","type-page","status-publish","hentry"],"_links":{"self":[{"href":"https:\/\/comunicacionesbraun.net\/promociones\/wp-json\/wp\/v2\/pages\/4486","targetHints":{"allow":["GET"]}}],"collection":[{"href":"https:\/\/comunicacionesbraun.net\/promociones\/wp-json\/wp\/v2\/pages"}],"about":[{"href":"https:\/\/comunicacionesbraun.net\/promociones\/wp-json\/wp\/v2\/types\/page"}],"author":[{"embeddable":true,"href":"https:\/\/comunicacionesbraun.net\/promociones\/wp-json\/wp\/v2\/users\/1"}],"replies":[{"embeddable":true,"href":"https:\/\/comunicacionesbraun.net\/promociones\/wp-json\/wp\/v2\/comments?post=4486"}],"version-history":[{"count":22,"href":"https:\/\/comunicacionesbraun.net\/promociones\/wp-json\/wp\/v2\/pages\/4486\/revisions"}],"predecessor-version":[{"id":4567,"href":"https:\/\/comunicacionesbraun.net\/promociones\/wp-json\/wp\/v2\/pages\/4486\/revisions\/4567"}],"wp:attachment":[{"href":"https:\/\/comunicacionesbraun.net\/promociones\/wp-json\/wp\/v2\/media?parent=4486"}],"curies":[{"name":"wp","href":"https:\/\/api.w.org\/{rel}","templated":true}]}}